{"id":2987,"date":"2021-02-03T12:58:01","date_gmt":"2021-02-03T12:58:01","guid":{"rendered":"https:\/\/www.pasionporelfengshui.com\/avis-legal\/"},"modified":"2024-09-07T18:12:34","modified_gmt":"2024-09-07T18:12:34","slug":"avis-legal","status":"publish","type":"page","link":"https:\/\/www.pasionporelfengshui.com\/ca\/avis-legal\/","title":{"rendered":"Av\u00eds Legal"},"content":{"rendered":"\t\t<div data-elementor-type=\"wp-page\" data-elementor-id=\"2987\" class=\"elementor elementor-2987 elementor-1816\" data-elementor-post-type=\"page\">\n\t\t\t\t\t\t<section class=\"elementor-section elementor-top-section elementor-element elementor-element-feacfeb elementor-section-boxed elementor-section-height-default elementor-section-height-default\" data-id=\"feacfeb\" data-element_type=\"section\" data-e-type=\"section\">\n\t\t\t\t\t\t<div class=\"elementor-container elementor-column-gap-default\">\n\t\t\t\t\t<div class=\"elementor-column elementor-col-100 elementor-top-column elementor-element elementor-element-b2aa5a2\" data-id=\"b2aa5a2\" data-element_type=\"column\" data-e-type=\"column\">\n\t\t\t<div class=\"elementor-widget-wrap elementor-element-populated\">\n\t\t\t\t\t\t<div class=\"elementor-element elementor-element-1e6bc6a elementor-widget elementor-widget-heading\" data-id=\"1e6bc6a\" data-element_type=\"widget\" data-e-type=\"widget\" data-widget_type=\"heading.default\">\n\t\t\t\t<div class=\"elementor-widget-container\">\n\t\t\t\t\t<h2 class=\"elementor-heading-title elementor-size-default\"><a href=\"http:\/\/pasionporelfengshui.com\/politica-de-privacidad\/\">Av\u00eds Legal<\/a><\/h2>\t\t\t\t<\/div>\n\t\t\t\t<\/div>\n\t\t\t\t\t<\/div>\n\t\t<\/div>\n\t\t\t\t\t<\/div>\n\t\t<\/section>\n\t\t\t\t<section class=\"elementor-section elementor-top-section elementor-element elementor-element-f60466b elementor-section-boxed elementor-section-height-default elementor-section-height-default\" data-id=\"f60466b\" data-element_type=\"section\" data-e-type=\"section\">\n\t\t\t\t\t\t<div class=\"elementor-container elementor-column-gap-default\">\n\t\t\t\t\t<div class=\"elementor-column elementor-col-100 elementor-top-column elementor-element elementor-element-cbb1b64\" data-id=\"cbb1b64\" data-element_type=\"column\" data-e-type=\"column\">\n\t\t\t<div class=\"elementor-widget-wrap elementor-element-populated\">\n\t\t\t\t\t\t<div class=\"elementor-element elementor-element-14d8b05 elementor-widget elementor-widget-text-editor\" data-id=\"14d8b05\" data-element_type=\"widget\" data-e-type=\"widget\" data-widget_type=\"text-editor.default\">\n\t\t\t\t<div class=\"elementor-widget-container\">\n\t\t\t\t\t\t\t\t\t<p class=\"p1\">En compliment amb el que estableix la Llei 34\/2002 d&#8217;11 de juliol, de Serveis de la Societat de la Informaci\u00f3 i el Comer\u00e7 Electr\u00f2nic (LSSICE), s&#8217;informa dels aspectes legals seg\u00fcents:<\/p>\n<p class=\"p2\"><b>Propietat del lloc web<\/b><\/p>\n<p class=\"p1\">Titular: <b>Silvia V\u00e0zquez Dom\u00e9nech<br \/><\/b> DNI: <b>46574333T<\/b><br \/> Tel\u00e8fon: <b>+34 620555948<br \/><\/b> Adre\u00e7a:  <b>C\/ Bonaplata 29, 2-1. BCN-08934 <br \/><\/b>Contacte: <a href=\"mailto:info@pasionporelfengshui.com\"><span class=\"s1\">info@pasionporelfengshui.com<\/span><\/a><\/p>\n<p class=\"p2\"><b>Finalitat de la web  <\/b><\/p>\n<p class=\"p1\">La p\u00e0gina web enraizate.es t\u00e9 com a objecte facilitar al p\u00fablic en general el coneixement de les activitats que duu a terme i els serveis professionals de Feng Shui que presta per al desenvolupament de la seva activitat.<b> <\/b><\/p>\n<p class=\"p2\"><b>Condicions generals d\u00fas<\/b><\/p>\n<p class=\"p1\">L&#8217;acc\u00e9s a la web enraizate.es \u00e9s responsabilitat exclusiva dels usuaris, i suposa acceptar i con\u00e8ixer l&#8217;av\u00eds legal, la pol\u00edtica de cookies i la pol\u00edtica de privadesa.<\/p>\n<p class=\"p1\">L&#8217;\u00fas de qualsevol de les funcionalitats del lloc web implica l&#8217;expressa i plena acceptaci\u00f3 de les condicions aqu\u00ed exposades, sens perjudici d&#8217;aquelles particulars que es puguin aplicar a alguns dels serveis concrets oferts a trav\u00e9s del lloc web.<\/p>\n<p class=\"p1\">El titular del lloc web es reserva la facultat d&#8217;efectuar, en qualsevol moment i sense necessitat de previ av\u00eds, modificacions i actualitzacions de la informaci\u00f3 continguda a la seva web oa la configuraci\u00f3 i presentaci\u00f3 d&#8217;aquesta.<\/p>\n<p class=\"p1\">A fi de mantenir actualitzada la informaci\u00f3 publicada a la web enraizate.es, els continguts d&#8217;aquest podran ser modificats, corregits, eliminats o afegits en qualsevol moment, per la qual cosa ser\u00e0 convenient comprovar-ne la vig\u00e8ncia o exactitud acudint sempre a les fonts oficials.<\/p>\n<p class=\"p1\">L&#8217;Usuari es compromet a la correcta utilitzaci\u00f3 de la web i utilitats que se li proporcionin conforme a la llei, aquest Av\u00eds Legal, i les instruccions i avisos que se li comuniquin. L&#8217;Usuari s&#8217;obliga a l&#8217;\u00fas exclusiu de la web, i tots els seus continguts, per a fins l\u00edcits i no prohibits, que no infringeixin la legalitat vigent i\/o puguin resultar lesius dels drets leg\u00edtims de \u201cpasionporelfengshui.com\u201d, i\/o que puguin causar qualsevol dany o perjudici de manera directa o indirecta. <\/p>\n<p class=\"p1\"><b>Propietat intel\u00b7lectual, industrial<\/b><\/p>\n<p class=\"p1\">Tots els elements que formen el lloc web, aix\u00ed com la seva estructura, disseny, codi font, logotips, marques i altres signes distintius que hi apareixen, s\u00f3n titularitat de <b>Silvia V\u00e0zquez Dom\u00e9nech o dels seus col\u00b7laboradors i estan protegits pels corresponents drets de propietat intel\u00b7lectual i industrial.<\/b><\/p>\n<p class=\"p1\">Igualment estan protegits pels corresponents drets de propietat intel\u00b7lectual i industrial les imatges i altres elements gr\u00e0fics continguts al lloc web. L&#8217;\u00fas, reproducci\u00f3, distribuci\u00f3, comunicaci\u00f3 p\u00fablica, transformaci\u00f3 o qualsevol altra activitat similar o an\u00e0loga, queda totalment prohibida llevat que hi hagi pr\u00e8via i expressa autoritzaci\u00f3 del titular. <\/p>\n<p class=\"p1\">Respecte a les cites de productes i serveis de tercers, el titular del lloc web reconeix a favor dels seus titulars els corresponents drets de propietat industrial i intel\u00b7lectual, i no implica la seva sola menci\u00f3 o aparici\u00f3 a la web l&#8217;exist\u00e8ncia de drets ni de cap responsabilitat sobre aquests, com tampoc patrocini o recomanaci\u00f3.<\/p>\n<p class=\"p1\">El titular del lloc web declara el respecte als drets de propietat intel\u00b7lectual i industrial de tercers; per aix\u00f2, si considereu que al nostre lloc web es poguessin estar violant els seus drets, preguem es posi en contacte amb el titular del lloc web.<b> <\/b><\/p>\n<p class=\"p2\"><b>Responsabilitat<\/b><\/p>\n<p class=\"p1\">El titular del lloc web no garanteix la inexist\u00e8ncia d&#8217;errors en l&#8217;acc\u00e9s a la web, en el seu contingut, ni que aquest estigui actualitzat, encara que el titular del lloc web desenvolupar\u00e0 els seus millors esfor\u00e7os per, si escau, evitar-los, esmenar-los o actualitzar-los .<\/p>\n<p class=\"p1\">Tant l&#8217;acc\u00e9s al lloc web, com l&#8217;\u00fas que es pugui fer de la informaci\u00f3 que cont\u00e9 \u00e9s d&#8217;exclusiva responsabilitat de qui el realitza.<\/p>\n<p class=\"p1\">En cas que l&#8217;usuari consideri que hi ha algun contingut que pogu\u00e9s ser susceptible d&#8217;aquesta classificaci\u00f3, cal que us poseu en contacte amb el titular del lloc web. En compliment del que disposa la Llei de serveis de la societat de la informaci\u00f3 i de comer\u00e7 electr\u00f2nic, el titular del lloc web es posa a disposici\u00f3 de tots els usuaris, autoritats i forces de seguretat, i col\u00b7laborant de forma activa en la retirada o si \u00e9s el cas bloqueig de tots aquells continguts que poguessin afectar o contravenir la legislaci\u00f3 nacional, o internacional, drets de tercers o la moral i lordre p\u00fablic. <\/p>\n<p class=\"p2\"><b>Enlla\u00e7os<\/b><\/p>\n<p class=\"p1\">Els enlla\u00e7os continguts al nostre lloc web poden adre\u00e7ar a continguts web de tercers. L&#8217;objectiu d&#8217;aquests enlla\u00e7os \u00e9s \u00fanicament facilitar-vos la cerca dels recursos que us puguin interessar a trav\u00e9s d&#8217;Internet. Aix\u00f2 no obstant, aquestes p\u00e0gines no pertanyen al mateix titular del lloc web, ni fa una revisi\u00f3 dels seus continguts i, per aix\u00f2, el titular del lloc web no assumeix cap responsabilitat pel contingut, informacions o serveis que poguessin apar\u00e8ixer en aquests llocs, que tindran exclusivament car\u00e0cter informatiu i que en cap cas impliquen cap relaci\u00f3 entre el titular del lloc web i les persones o entitats titulars d&#8217;aquests continguts o titulars d&#8217;altres llocs on es trobin. El titular del lloc web tampoc no es pot fer responsable del funcionament de la p\u00e0gina enlla\u00e7ada o dels possibles danys que puguin derivar-se de l&#8217;acc\u00e9s o \u00fas d&#8217;aquesta.   <\/p>\n<p class=\"p1\">L&#8217;establiment de l&#8217;enlla\u00e7 amb una altra p\u00e0gina web no suposar\u00e0 cap tipus d&#8217;acord, contracte, patrocini ni recomanaci\u00f3 per part de <b>pasionporelfengshui.com<\/b> .<\/p>\n<p class=\"p1\"><b>pasionporelfengshui.com<\/b> no es responsabilitza de cap manera ni garanteix la claredat, exactitud, fiabilitat, correcci\u00f3 o moralitat de continguts o serveis que l&#8217;establiment de l&#8217;enlla\u00e7 amb una altra p\u00e0gina web pugui oferir. L&#8217;usuari assumeix sota la seva responsabilitat exclusiva les conseq\u00fc\u00e8ncies, danys o accions que es puguin derivar de l&#8217;acc\u00e9s a la p\u00e0gina de l&#8217;enlla\u00e7. <\/p>\n<p class=\"p2\"><b>Protecci\u00f3 de dades<\/b><\/p>\n<p class=\"p1\">Per a aquells casos que es demanin, tractin o emmagatzemin dades personals, es far\u00e0 de conformitat amb la Pol\u00edtica de Privadesa publicada a la p\u00e0gina web i que podeu consultar al peu d&#8217;aquesta.<\/p>\n<p class=\"p2\"><b>Llei Aplicable i jurisdicci\u00f3<\/b><\/p>\n<p class=\"p1\">La llei aplicable en cas de disputa o conflicte dinterpretaci\u00f3 dels termes que conformen aquest Av\u00eds Legal, aix\u00ed com qualsevol q\u00fcesti\u00f3 relacionada amb els serveis del present Portal, ser\u00e0 la llei espanyola.<\/p>\n<p class=\"p1\">Per a la resoluci\u00f3 de qualsevol conflicte que pugui sorgir en ocasi\u00f3 de la visita al lloc web o de l&#8217;\u00fas dels serveis que s&#8217;hi puguin oferir, el titular del lloc web i l&#8217;usuari acorden sotmetre&#8217;s als jutges i tribunals de domicili de l&#8217;usuari, sempre que aquest estigui situat en territori espanyol i actu\u00ef en condici\u00f3 de consumidor.<\/p>\n\t\t\t\t\t\t\t\t<\/div>\n\t\t\t\t<\/div>\n\t\t\t\t\t<\/div>\n\t\t<\/div>\n\t\t\t\t\t<\/div>\n\t\t<\/section>\n\t\t\t\t<\/div>\n\t\t","protected":false},"excerpt":{"rendered":"<p>Av\u00eds Legal En compliment amb el que estableix la Llei 34\/2002 d&#8217;11 de juliol, de Serveis de la Societat de la Informaci\u00f3 i el Comer\u00e7 Electr\u00f2nic (LSSICE), s&#8217;informa dels aspectes legals seg\u00fcents: Propietat del lloc web Titular: Silvia V\u00e0zquez Dom\u00e9nech DNI: 46574333T Tel\u00e8fon: +34 620555948 Adre\u00e7a: C\/ Bonaplata 29, 2-1. BCN-08934 Contacte: info@pasionporelfengshui.com Finalitat de [&hellip;]<\/p>\n","protected":false},"author":1,"featured_media":0,"parent":0,"menu_order":0,"comment_status":"closed","ping_status":"closed","template":"","meta":{"footnotes":""},"class_list":["post-2987","page","type-page","status-publish","hentry"],"yoast_head":"<!-- This site is optimized with the Yoast SEO plugin v27.4 - https:\/\/yoast.com\/product\/yoast-seo-wordpress\/ -->\n<title>Av\u00eds Legal - Pasi\u00f3n por el Feng Shui<\/title>\n<meta name=\"robots\" content=\"index, follow, max-snippet:-1, max-image-preview:large, max-video-preview:-1\" \/>\n<link rel=\"canonical\" href=\"https:\/\/www.pasionporelfengshui.com\/ca\/avis-legal\/\" \/>\n<meta property=\"og:locale\" content=\"ca_ES\" \/>\n<meta property=\"og:type\" content=\"article\" \/>\n<meta property=\"og:title\" content=\"Av\u00eds Legal - Pasi\u00f3n por el Feng Shui\" \/>\n<meta property=\"og:description\" content=\"Av\u00eds Legal En compliment amb el que estableix la Llei 34\/2002 d&#8217;11 de juliol, de Serveis de la Societat de la Informaci\u00f3 i el Comer\u00e7 Electr\u00f2nic (LSSICE), s&#8217;informa dels aspectes legals seg\u00fcents: Propietat del lloc web Titular: Silvia V\u00e0zquez Dom\u00e9nech DNI: 46574333T Tel\u00e8fon: +34 620555948 Adre\u00e7a: C\/ Bonaplata 29, 2-1. BCN-08934 Contacte: info@pasionporelfengshui.com Finalitat de [&hellip;]\" \/>\n<meta property=\"og:url\" content=\"https:\/\/www.pasionporelfengshui.com\/ca\/avis-legal\/\" \/>\n<meta property=\"og:site_name\" content=\"Pasi\u00f3n por el Feng Shui\" \/>\n<meta property=\"article:modified_time\" content=\"2024-09-07T18:12:34+00:00\" \/>\n<meta name=\"twitter:card\" content=\"summary_large_image\" \/>\n<meta name=\"twitter:label1\" content=\"Temps estimat de lectura\" \/>\n\t<meta name=\"twitter:data1\" content=\"6 minuts\" \/>\n<script type=\"application\/ld+json\" class=\"yoast-schema-graph\">{\"@context\":\"https:\\\/\\\/schema.org\",\"@graph\":[{\"@type\":\"WebPage\",\"@id\":\"https:\\\/\\\/www.pasionporelfengshui.com\\\/ca\\\/avis-legal\\\/\",\"url\":\"https:\\\/\\\/www.pasionporelfengshui.com\\\/ca\\\/avis-legal\\\/\",\"name\":\"Av\u00eds Legal - Pasi\u00f3n por el Feng Shui\",\"isPartOf\":{\"@id\":\"https:\\\/\\\/www.pasionporelfengshui.com\\\/ca\\\/#website\"},\"datePublished\":\"2021-02-03T12:58:01+00:00\",\"dateModified\":\"2024-09-07T18:12:34+00:00\",\"breadcrumb\":{\"@id\":\"https:\\\/\\\/www.pasionporelfengshui.com\\\/ca\\\/avis-legal\\\/#breadcrumb\"},\"inLanguage\":\"ca\",\"potentialAction\":[{\"@type\":\"ReadAction\",\"target\":[\"https:\\\/\\\/www.pasionporelfengshui.com\\\/ca\\\/avis-legal\\\/\"]}]},{\"@type\":\"BreadcrumbList\",\"@id\":\"https:\\\/\\\/www.pasionporelfengshui.com\\\/ca\\\/avis-legal\\\/#breadcrumb\",\"itemListElement\":[{\"@type\":\"ListItem\",\"position\":1,\"name\":\"Home\",\"item\":\"https:\\\/\\\/www.pasionporelfengshui.com\\\/ca\\\/\"},{\"@type\":\"ListItem\",\"position\":2,\"name\":\"Av\u00eds Legal\"}]},{\"@type\":\"WebSite\",\"@id\":\"https:\\\/\\\/www.pasionporelfengshui.com\\\/ca\\\/#website\",\"url\":\"https:\\\/\\\/www.pasionporelfengshui.com\\\/ca\\\/\",\"name\":\"Pasi\u00f3n por el Feng Shui\",\"description\":\"Pasi\u00f3n por el Feng Shui\",\"publisher\":{\"@id\":\"https:\\\/\\\/www.pasionporelfengshui.com\\\/ca\\\/#organization\"},\"potentialAction\":[{\"@type\":\"SearchAction\",\"target\":{\"@type\":\"EntryPoint\",\"urlTemplate\":\"https:\\\/\\\/www.pasionporelfengshui.com\\\/ca\\\/?s={search_term_string}\"},\"query-input\":{\"@type\":\"PropertyValueSpecification\",\"valueRequired\":true,\"valueName\":\"search_term_string\"}}],\"inLanguage\":\"ca\"},{\"@type\":\"Organization\",\"@id\":\"https:\\\/\\\/www.pasionporelfengshui.com\\\/ca\\\/#organization\",\"name\":\"Pasi\u00f3n por el Feng Shui\",\"url\":\"https:\\\/\\\/www.pasionporelfengshui.com\\\/ca\\\/\",\"logo\":{\"@type\":\"ImageObject\",\"inLanguage\":\"ca\",\"@id\":\"https:\\\/\\\/www.pasionporelfengshui.com\\\/ca\\\/#\\\/schema\\\/logo\\\/image\\\/\",\"url\":\"https:\\\/\\\/www.pasionporelfengshui.com\\\/wp-content\\\/uploads\\\/2022\\\/07\\\/PasionFengShui_logo_WEB.png\",\"contentUrl\":\"https:\\\/\\\/www.pasionporelfengshui.com\\\/wp-content\\\/uploads\\\/2022\\\/07\\\/PasionFengShui_logo_WEB.png\",\"width\":740,\"height\":216,\"caption\":\"Pasi\u00f3n por el Feng Shui\"},\"image\":{\"@id\":\"https:\\\/\\\/www.pasionporelfengshui.com\\\/ca\\\/#\\\/schema\\\/logo\\\/image\\\/\"}}]}<\/script>\n<!-- \/ Yoast SEO plugin. -->","yoast_head_json":{"title":"Av\u00eds Legal - Pasi\u00f3n por el Feng Shui","robots":{"index":"index","follow":"follow","max-snippet":"max-snippet:-1","max-image-preview":"max-image-preview:large","max-video-preview":"max-video-preview:-1"},"canonical":"https:\/\/www.pasionporelfengshui.com\/ca\/avis-legal\/","og_locale":"ca_ES","og_type":"article","og_title":"Av\u00eds Legal - Pasi\u00f3n por el Feng Shui","og_description":"Av\u00eds Legal En compliment amb el que estableix la Llei 34\/2002 d&#8217;11 de juliol, de Serveis de la Societat de la Informaci\u00f3 i el Comer\u00e7 Electr\u00f2nic (LSSICE), s&#8217;informa dels aspectes legals seg\u00fcents: Propietat del lloc web Titular: Silvia V\u00e0zquez Dom\u00e9nech DNI: 46574333T Tel\u00e8fon: +34 620555948 Adre\u00e7a: C\/ Bonaplata 29, 2-1. BCN-08934 Contacte: info@pasionporelfengshui.com Finalitat de [&hellip;]","og_url":"https:\/\/www.pasionporelfengshui.com\/ca\/avis-legal\/","og_site_name":"Pasi\u00f3n por el Feng Shui","article_modified_time":"2024-09-07T18:12:34+00:00","twitter_card":"summary_large_image","twitter_misc":{"Temps estimat de lectura":"6 minuts"},"schema":{"@context":"https:\/\/schema.org","@graph":[{"@type":"WebPage","@id":"https:\/\/www.pasionporelfengshui.com\/ca\/avis-legal\/","url":"https:\/\/www.pasionporelfengshui.com\/ca\/avis-legal\/","name":"Av\u00eds Legal - Pasi\u00f3n por el Feng Shui","isPartOf":{"@id":"https:\/\/www.pasionporelfengshui.com\/ca\/#website"},"datePublished":"2021-02-03T12:58:01+00:00","dateModified":"2024-09-07T18:12:34+00:00","breadcrumb":{"@id":"https:\/\/www.pasionporelfengshui.com\/ca\/avis-legal\/#breadcrumb"},"inLanguage":"ca","potentialAction":[{"@type":"ReadAction","target":["https:\/\/www.pasionporelfengshui.com\/ca\/avis-legal\/"]}]},{"@type":"BreadcrumbList","@id":"https:\/\/www.pasionporelfengshui.com\/ca\/avis-legal\/#breadcrumb","itemListElement":[{"@type":"ListItem","position":1,"name":"Home","item":"https:\/\/www.pasionporelfengshui.com\/ca\/"},{"@type":"ListItem","position":2,"name":"Av\u00eds Legal"}]},{"@type":"WebSite","@id":"https:\/\/www.pasionporelfengshui.com\/ca\/#website","url":"https:\/\/www.pasionporelfengshui.com\/ca\/","name":"Pasi\u00f3n por el Feng Shui","description":"Pasi\u00f3n por el Feng Shui","publisher":{"@id":"https:\/\/www.pasionporelfengshui.com\/ca\/#organization"},"potentialAction":[{"@type":"SearchAction","target":{"@type":"EntryPoint","urlTemplate":"https:\/\/www.pasionporelfengshui.com\/ca\/?s={search_term_string}"},"query-input":{"@type":"PropertyValueSpecification","valueRequired":true,"valueName":"search_term_string"}}],"inLanguage":"ca"},{"@type":"Organization","@id":"https:\/\/www.pasionporelfengshui.com\/ca\/#organization","name":"Pasi\u00f3n por el Feng Shui","url":"https:\/\/www.pasionporelfengshui.com\/ca\/","logo":{"@type":"ImageObject","inLanguage":"ca","@id":"https:\/\/www.pasionporelfengshui.com\/ca\/#\/schema\/logo\/image\/","url":"https:\/\/www.pasionporelfengshui.com\/wp-content\/uploads\/2022\/07\/PasionFengShui_logo_WEB.png","contentUrl":"https:\/\/www.pasionporelfengshui.com\/wp-content\/uploads\/2022\/07\/PasionFengShui_logo_WEB.png","width":740,"height":216,"caption":"Pasi\u00f3n por el Feng Shui"},"image":{"@id":"https:\/\/www.pasionporelfengshui.com\/ca\/#\/schema\/logo\/image\/"}}]}},"_links":{"self":[{"href":"https:\/\/www.pasionporelfengshui.com\/ca\/wp-json\/wp\/v2\/pages\/2987","targetHints":{"allow":["GET"]}}],"collection":[{"href":"https:\/\/www.pasionporelfengshui.com\/ca\/wp-json\/wp\/v2\/pages"}],"about":[{"href":"https:\/\/www.pasionporelfengshui.com\/ca\/wp-json\/wp\/v2\/types\/page"}],"author":[{"embeddable":true,"href":"https:\/\/www.pasionporelfengshui.com\/ca\/wp-json\/wp\/v2\/users\/1"}],"replies":[{"embeddable":true,"href":"https:\/\/www.pasionporelfengshui.com\/ca\/wp-json\/wp\/v2\/comments?post=2987"}],"version-history":[{"count":1,"href":"https:\/\/www.pasionporelfengshui.com\/ca\/wp-json\/wp\/v2\/pages\/2987\/revisions"}],"predecessor-version":[{"id":2992,"href":"https:\/\/www.pasionporelfengshui.com\/ca\/wp-json\/wp\/v2\/pages\/2987\/revisions\/2992"}],"wp:attachment":[{"href":"https:\/\/www.pasionporelfengshui.com\/ca\/wp-json\/wp\/v2\/media?parent=2987"}],"curies":[{"name":"wp","href":"https:\/\/api.w.org\/{rel}","templated":true}]}}