{"id":2982,"date":"2020-02-21T10:16:57","date_gmt":"2020-02-21T10:16:57","guid":{"rendered":"https:\/\/www.pasionporelfengshui.com\/politica-de-privadesa\/"},"modified":"2024-09-07T18:12:34","modified_gmt":"2024-09-07T18:12:34","slug":"politica-de-privadesa","status":"publish","type":"page","link":"https:\/\/www.pasionporelfengshui.com\/ca\/politica-de-privadesa\/","title":{"rendered":"Pol\u00edtica de Privadesa"},"content":{"rendered":"\t\t<div data-elementor-type=\"wp-page\" data-elementor-id=\"2982\" class=\"elementor elementor-2982 elementor-3\" data-elementor-post-type=\"page\">\n\t\t\t\t<div class=\"elementor-element elementor-element-ba17395 e-flex e-con-boxed e-con e-parent\" data-id=\"ba17395\" data-element_type=\"container\" data-e-type=\"container\">\n\t\t\t\t\t<div class=\"e-con-inner\">\n\t\t<div class=\"elementor-element elementor-element-465d266 e-con-full e-flex e-con e-child\" data-id=\"465d266\" data-element_type=\"container\" data-e-type=\"container\">\n\t\t\t\t<div class=\"elementor-element elementor-element-c546aa7 elementor-widget elementor-widget-heading\" data-id=\"c546aa7\" data-element_type=\"widget\" data-e-type=\"widget\" data-widget_type=\"heading.default\">\n\t\t\t\t<div class=\"elementor-widget-container\">\n\t\t\t\t\t<h2 class=\"elementor-heading-title elementor-size-default\"><a href=\"http:\/\/pasionporelfengshui.com\/politica-de-privacidad\/\">Pol\u00edtica de Privadesa  <\/a><\/h2>\t\t\t\t<\/div>\n\t\t\t\t<\/div>\n\t\t\t\t<\/div>\n\t\t\t\t\t<\/div>\n\t\t\t\t<\/div>\n\t\t<div class=\"elementor-element elementor-element-b0e3316 e-flex e-con-boxed e-con e-parent\" data-id=\"b0e3316\" data-element_type=\"container\" data-e-type=\"container\">\n\t\t\t\t\t<div class=\"e-con-inner\">\n\t\t<div class=\"elementor-element elementor-element-fe7e3f3 e-con-full e-flex e-con e-child\" data-id=\"fe7e3f3\" data-element_type=\"container\" data-e-type=\"container\">\n\t\t\t\t<div class=\"elementor-element elementor-element-62a5205 elementor-widget elementor-widget-text-editor\" data-id=\"62a5205\" data-element_type=\"widget\" data-e-type=\"widget\" data-widget_type=\"text-editor.default\">\n\t\t\t\t<div class=\"elementor-widget-container\">\n\t\t\t\t\t\t\t\t\t<table width=\"418\">\n<tbody>\n<tr>\n<td colspan=\"2\" width=\"418\">\n<p><strong>Informaci\u00f3 b\u00e0sica sobre Protecci\u00f3 de Dades<\/strong><\/p>\n<\/td>\n<\/tr>\n<tr>\n<td width=\"116\">\n<p><strong>Responsable<\/strong><\/p>\n<\/td>\n<td width=\"302\">\n<p class=\"p1\">Titular: <b>Silvia V\u00e0zquez Dom\u00e9nech<br \/><\/b> DNI: <b>46574333T<\/b><br \/> Tel\u00e8fon: <b>+34 620555948<br \/><\/b> Adre\u00e7a:  <b>C\/ Bonaplata 29, 2-1. BCN-08934 <br \/><\/b>Contacte: <a href=\"mailto:info@pasionporelfengshui.com\"><span class=\"s1\">info@pasionporelfengshui.com<\/span><\/a><\/p>\n<\/td>\n<\/tr>\n<tr>\n<td width=\"116\">\n<p><strong>Finalitat<\/strong><\/p>\n<\/td>\n<td width=\"302\">\n<p>1) Formulari de contacte: gestionar les consultes rebudes per formulari de contacte per contactar amb lusuari.<\/p>\n<\/td>\n<\/tr>\n<tr>\n<td width=\"116\">\n<p><strong>Legitimaci\u00f3<\/strong><\/p>\n<\/td>\n<td width=\"302\">\n<p>1) Formulari de contacte: consentiment expl\u00edcit de linteressat.<\/p>\n<\/td>\n<\/tr>\n<tr>\n<td width=\"116\">\n<p><strong>Conservaci\u00f3<\/strong><\/p>\n<\/td>\n<td width=\"302\">\n<p>Durant un termini d&#8217;un any a partir de la darrera consulta.<\/p>\n<\/td>\n<\/tr>\n<tr>\n<td width=\"116\">\n<p><strong>Proced\u00e8ncia<\/strong><\/p>\n<\/td>\n<td width=\"302\">\n<p>1) Formulari de contacte: el mateix interessat o el seu representant legal.<\/p>\n<\/td>\n<\/tr>\n<tr>\n<td width=\"116\">\n<p><strong>Destinataris<\/strong><\/p>\n<\/td>\n<td width=\"302\">\n<p>No cedim dades a tercers.<\/p>\n<\/td>\n<\/tr>\n<tr>\n<td width=\"116\">\n<p><strong>Transfer\u00e8ncies internacionals<\/strong><\/p>\n<\/td>\n<td width=\"302\">\n<p>No realitzem transfer\u00e8ncies internacionals amb les vostres dades.<\/p>\n<\/td>\n<\/tr>\n<tr>\n<td width=\"116\">\n<p><strong>Drets<\/strong><\/p>\n<\/td>\n<td width=\"302\">\n<p>Acc\u00e9s, rectificaci\u00f3, oposici\u00f3, supressi\u00f3, limitaci\u00f3 del tractament i portabilitat de les dades personals, com s&#8217;explica al corresponent apartat.<br \/><u>+info<\/u><\/p>\n<\/td>\n<\/tr>\n<tr>\n<td width=\"116\">\n<p><strong>Informaci\u00f3 addicional<\/strong><\/p>\n<\/td>\n<td width=\"302\">\n<p>Podeu consultar la informaci\u00f3 addicional i detallada sobre Protecci\u00f3 de Dades en el desglossament d&#8217;apartats que us presentem a continuaci\u00f3 (segona capa informativa).<\/p>\n<\/td>\n<\/tr>\n<\/tbody>\n<\/table>\n<h2><strong>Informaci\u00f3 general<\/strong><\/h2>\n<p><strong> <\/strong>Aquesta Pol\u00edtica de Privadesa t\u00e9 com a finalitat donar a con\u00e8ixer les condicions que regeixen la recollida i tractament de les seves dades personals per part de la nostra entitat per vetllar pels drets fonamentals, el seu honor i llibertats, tot aix\u00f2 en compliment de les normatives vigents que regulen la protecci\u00f3 de dades personals.<\/p>\n<p>De conformitat amb aquestes normatives, necessitem disposar de la vostra autoritzaci\u00f3 i consentiment per a la recollida i el tractament de les vostres dades personals, per la qual cosa a continuaci\u00f3, us indiquem tots els detalls del vostre inter\u00e8s respecte a com realitzem aquests processos, amb quines finalitats, que altres entitats podrien tenir acc\u00e9s a les vostres dades i quins s\u00f3n els vostres drets.<\/p>\n<h3><span style=\"font-size: 18pt;\"><strong>Responsable. Qui \u00e9s el Responsable del tractament de les vostres dades? <\/strong><\/span><\/h3>\n<p><strong> <\/strong><span style=\"font-size: 16px;\">El Responsable del Tractament de Dades \u00e9s aquella persona f\u00edsica o jur\u00eddica, de naturalesa p\u00fablica o privada, o \u00f2rgan administratiu, que nom\u00e9s o conjuntament amb altres determini els fins i els mitjans del tractament de dades personals.<\/span><\/p>\n<p><strong><em>Us informem que Silvia V\u00e0zquez Dom\u00e9nech (d&#8217;ara endavant \u201cpasionporelfengshui.com\u201d) \u00e9s la titular de la web pasionporelfengshui.com, amb DNI: 46574333T i domicili al c\/ Bonaplata 29, 2-1. BCN-08934. Podeu contactar per correu electr\u00f2nic a info@pasionporelfengshui.com  <\/em><\/strong><\/p>\n<h3><strong> <\/strong><span style=\"font-size: 18pt;\"><strong>Finalitat. Amb quina finalitat tractem les vostres dades personals? <\/strong><\/span><\/h3>\n<p><strong> <\/strong><span style=\"font-size: 16px;\">A \u201cEnra\u00edzate\u201d tractem la informaci\u00f3 que ens facilita per gestionar les consultes rebudes. La informaci\u00f3 personal que ens faciliti a trav\u00e9s dels correus electr\u00f2nics o via els formularis de la p\u00e0gina web es mantindr\u00e0 confidencial i protegida. En cap cas no es destinar\u00e0 o utilitzar\u00e0 per a altres fins, ni es lliurar\u00e0 a terceres persones sense el seu consentiment, d&#8217;acord amb els principis del RGPD 679\/2016 i la LO 3\/2018. Per complir amb les diferents disposicions legals, hem establert diferents nivells de seguretat per protegir les dades personals que ens facilitin, havent adoptat totes les mesures t\u00e8cniques al nostre abast per evitar la p\u00e8rdua, mal \u00fas, alteraci\u00f3, acc\u00e9s no autoritzat i manipulaci\u00f3 de les dades personals.   <\/span><\/p>\n<p><strong>Necessitem la seva autoritzaci\u00f3 i consentiment per a demanar i tractar les vostres dades personals, per la qual cosa a continuaci\u00f3 us detallem els usos i finalitats previstes:<\/strong><\/p>\n<ul>\n<li><strong><em>Disposem a la web d&#8217;un formulari de contacte per a la gesti\u00f3 de clients potencials, clients i contactes.<\/em><\/strong><\/li>\n<\/ul>\n<h3><span style=\"font-size: 18pt;\"><strong>Legitimaci\u00f3. Quina \u00e9s la legitimaci\u00f3 per al tractament de les vostres dades? <\/strong><\/span><strong style=\"font-size: 16px;\"> <\/strong><\/h3>\n<p>La recollida i el tractament de les vostres dades est\u00e0 legitimat sempre per una o diverses bases jur\u00eddiques, les quals detallem a continuaci\u00f3:<\/p>\n<p>Formulari de contacte: Consentiment expl\u00edcit de linteressat. Quan utilitzeu el formulari de contacte, haureu de marcar la casella de marcatge espec\u00edfica en qu\u00e8 la informaci\u00f3 reflectida en aquesta Pol\u00edtica de Privadesa ha estat llegida i acceptada i que, en conseq\u00fc\u00e8ncia, atorga el seu consentiment inequ\u00edvoc i expr\u00e9s al tractament de les vostres dades personals a les finalitats indicades. La informaci\u00f3 personal que ens faciliti passar\u00e0 a ser introdu\u00efda en un tractament sota la responsabilitat de \u201c <strong><em>pasionporelfengshui.com<\/em><\/strong> \u201d, i es mantindr\u00e0 confidencial i protegida.  <\/p>\n<h3><span style=\"font-size: 18pt;\"><strong>Conservaci\u00f3. Per quant de temps conservarem les vostres dades? <\/strong><\/span><strong style=\"font-size: 16px;\"> <\/strong><\/h3>\n<p>Utilitzem les vostres dades durant el temps estrictament necessari per complir les finalitats indicades anteriorment. Llevat que hi hagi una obligaci\u00f3 o requeriment legal, els terminis de conservaci\u00f3 previstos per a les consultes que realitzeu via formulari de contacte seran dun termini dun any a partir de la darrera consulta.<br \/> Pel que fa al formulari de contacte, podreu donar-vos de baixa i sol\u00b7licitar-ho per correu electr\u00f2nic a <strong><em><a href=\"mailto:info@pasionporelfengshui.com\">info@pasionporelfengshui.com<\/a><\/em><\/strong> <\/p>\n<h3><span style=\"font-size: 18pt;\"><strong>Proced\u00e8ncia. Com hem obtingut les vostres dades? <\/strong><strong> <\/strong><\/span><\/h3>\n<p><strong>Formulari de contacte:<\/strong> el mateix interessat o el seu representant legal.<br \/> <strong>Dades identificatives:<\/strong> Nom i correu electr\u00f2nic.<br \/> <strong>Formulari de subscripci\u00f3 a la newsletter:<\/strong> el mateix interessat o el seu representant legal.<br \/> <strong>Dades identificatives:<\/strong> Correu electr\u00f2nic.<br \/> <em>Visitar la web de <strong>pasionporelfengshui.com<\/strong> no suposa que l&#8217;usuari estigui obligat a facilitar cap informaci\u00f3 sobre si mateix.<\/em><br \/> <strong><em>pasionporelfengshui.com<\/em><\/strong> \u201d prohibeix expressament que els menors de divuit anys facilitin Dades Personals sense el consentiment previ dels seus pares o tutors.<strong> <\/strong><\/p>\n<h3><span style=\"font-size: 18pt;\"><strong>Mesures de seguretat. Qu\u00e8 fem per protegir les vostres dades? <\/strong><\/span><\/h3>\n<p><strong><em>pasionporelfengshui.com<\/em><\/strong> adopta les mesures organitzatives i t\u00e8cniques necess\u00e0ries per garantir la seguretat i la privadesa de les seves dades, evitar la seva alteraci\u00f3, p\u00e8rdua, tractament o acc\u00e9s no autoritzat, depenent de l&#8217;estat de la tecnologia, la naturalesa de les dades emmagatzemades i els riscos a qu\u00e8 estan exposats.<\/p>\n<p>Entre altres, destaquen les mesures seg\u00fcents:<\/p>\n<ul>\n<li>Garantir la confidencialitat, integritat, disponibilitat i resili\u00e8ncia permanents dels sistemes i serveis de tractament.<\/li>\n<li>Restaurar la disponibilitat i l&#8217;acc\u00e9s a les dades personals de manera r\u00e0pida, en cas d&#8217;incident f\u00edsic o t\u00e8cnic.<\/li>\n<li>Verificar, avaluar i valorar, de manera regular, l&#8217;efic\u00e0cia de les mesures t\u00e8cniques i organitzatives implementades per garantir la seguretat del tractament.<\/li>\n<li>Seudonimitzar i xifrar les dades personals, en cas que es tracti de dades sensibles.<\/li>\n<\/ul>\n<h3><span style=\"font-size: 18pt;\"><strong>Destinataris. A quins destinataris es comunicaran les vostres dades? <\/strong><\/span><\/h3>\n<p>Aquestes dades seran tractades per \u201c <strong><em>pasionporelfengshui.com<\/em><\/strong> \u201d, no realitzem cessions de les seves dades a terceres persones ni entitats, excepte obligaci\u00f3 legal. No realitzem transfer\u00e8ncies internacionals amb les vostres dades personals. <strong> <\/strong><\/p>\n<h3><span style=\"font-size: 18pt;\"><strong>Drets. Quins s\u00f3n els vostres drets quan ens facilita les vostres dades? <\/strong><\/span><strong style=\"font-size: 16px;\"> <\/strong><\/h3>\n<p>La normativa vigent de protecci\u00f3 de dades us empara en una s\u00e8rie de drets en relaci\u00f3 amb l&#8217;\u00fas que donem a les vostres dades personals. Tots i cadascun dels seus drets s\u00f3n unipersonals i intransferibles, \u00e9s a dir, que \u00fanicament poden ser realitzats pel titular de les dades, amb la comprovaci\u00f3 pr\u00e8via de la seva identitat. <\/p>\n<p>A continuaci\u00f3, us indiquem quins s\u00f3n els drets que us assisteixen:<\/p>\n<ul>\n<li>Sol\u00b7licitar l&#8217;acc\u00e9s a les vostres dades personals<\/li>\n<li>Sol\u00b7licitar la rectificaci\u00f3 de les vostres dades<\/li>\n<li>Sol\u00b7licitar la supressi\u00f3 o eliminaci\u00f3 de les seves dades (dret a l&#8217;oblit)<\/li>\n<li>Limitar o oposar-se a l&#8217;\u00fas que donem a les vostres dades<\/li>\n<li>Dret a la portabilitat de les vostres dades per a casos de serveis de telecomunicacions o internet.<\/li>\n<li>Dret a retirar el vostre consentiment en qualsevol moment<\/li>\n<li>Dret a presentar una reclamaci\u00f3 en mat\u00e8ria de protecci\u00f3 de dades davant de l&#8217;Autoritat de Control: Ag\u00e8ncia Espanyola de Protecci\u00f3 de Dades<\/li>\n<\/ul>\n<p><strong>Com podeu exercir els vostres drets?<\/strong><\/p>\n<p>Per a l&#8217;exercici dels vostres drets d&#8217;acc\u00e9s, rectificaci\u00f3, supressi\u00f3, limitaci\u00f3 o oposici\u00f3, portabilitat i retirada del vostre consentiment, podeu fer-ho de la manera seg\u00fcent:<br \/> Presencialment o per correu electr\u00f2nic a:<br \/> Silvia V\u00e0zquez Dom\u00e9nech<br \/> 46574333T &#8211; C\/ Bonaplata 29, 2-1. BCN-08934 <\/p>\n<p><strong><em><a href=\"mailto:info@pasionporelfengshui.com\">info@pasionporelfengshui.com<\/a><\/em><\/strong><\/p>\n<p>A m\u00e9s dels drets que us assisteixen, si creieu que les vostres dades no s&#8217;estan demanant o tractant d&#8217;acord amb la normativa vigent de Protecci\u00f3 de Dades, podreu realitzar una reclamaci\u00f3 davant l&#8217;Autoritat de Control, les dades de contacte de les quals indiquem a continuaci\u00f3:<br \/><strong>Ag\u00e8ncia Espanyola de Protecci\u00f3 de Dades<\/strong><br \/><strong>C\/ Jorge Juan, 6. 28001, Madrid. <\/strong><br \/><strong>Email: info@agpd.es<\/strong><br \/><strong>Tel\u00e8fon: 912663517<\/strong><br \/><strong>Web: <a href=\"https:\/\/www.agpd.es\">https:\/\/www.agpd.es<\/a> <\/strong><\/p>\n<h3><span style=\"font-size: 18pt;\"><strong>Consentiment i acceptaci\u00f3<\/strong><strong> <\/strong><\/span><\/h3>\n<p>L&#8217;acceptaci\u00f3 del present document indica que vost\u00e8 ent\u00e9n i accepta totes les cl\u00e0usules de la nostra pol\u00edtica de privadesa pel que autoritza la recollida i el tractament de les seves dades personals en aquests termes. L&#8217;usuari que faciliti dades personals a trav\u00e9s del correu electr\u00f2nic de <strong><em>pasionporelfengshui.com<\/em><\/strong> est\u00e0 proporcionant volunt\u00e0riament dades de car\u00e0cter personal. Als formularis de contacte aquesta acceptaci\u00f3 es realitza mitjan\u00e7ant l&#8217;activaci\u00f3 de la casella de verificaci\u00f3 de la nostra Pol\u00edtica de Privadesa.  <\/p>\n\t\t\t\t\t\t\t\t<\/div>\n\t\t\t\t<\/div>\n\t\t\t\t<\/div>\n\t\t\t\t\t<\/div>\n\t\t\t\t<\/div>\n\t\t\t\t<\/div>\n\t\t","protected":false},"excerpt":{"rendered":"<p>Pol\u00edtica de Privadesa Informaci\u00f3 b\u00e0sica sobre Protecci\u00f3 de Dades Responsable Titular: Silvia V\u00e0zquez Dom\u00e9nech DNI: 46574333T Tel\u00e8fon: +34 620555948 Adre\u00e7a: C\/ Bonaplata 29, 2-1. BCN-08934 Contacte: info@pasionporelfengshui.com Finalitat 1) Formulari de contacte: gestionar les consultes rebudes per formulari de contacte per contactar amb lusuari. Legitimaci\u00f3 1) Formulari de contacte: consentiment expl\u00edcit de linteressat. Conservaci\u00f3 Durant [&hellip;]<\/p>\n","protected":false},"author":1,"featured_media":0,"parent":0,"menu_order":0,"comment_status":"closed","ping_status":"closed","template":"","meta":{"footnotes":""},"class_list":["post-2982","page","type-page","status-publish","hentry"],"yoast_head":"<!-- This site is optimized with the Yoast SEO plugin v27.4 - https:\/\/yoast.com\/product\/yoast-seo-wordpress\/ -->\n<title>Pol\u00edtica de Privadesa - Pasi\u00f3n por el Feng Shui<\/title>\n<meta name=\"robots\" content=\"index, follow, max-snippet:-1, max-image-preview:large, max-video-preview:-1\" \/>\n<link rel=\"canonical\" href=\"https:\/\/www.pasionporelfengshui.com\/ca\/politica-de-privadesa\/\" \/>\n<meta property=\"og:locale\" content=\"ca_ES\" \/>\n<meta property=\"og:type\" content=\"article\" \/>\n<meta property=\"og:title\" content=\"Pol\u00edtica de Privadesa - Pasi\u00f3n por el Feng Shui\" \/>\n<meta property=\"og:description\" content=\"Pol\u00edtica de Privadesa Informaci\u00f3 b\u00e0sica sobre Protecci\u00f3 de Dades Responsable Titular: Silvia V\u00e0zquez Dom\u00e9nech DNI: 46574333T Tel\u00e8fon: +34 620555948 Adre\u00e7a: C\/ Bonaplata 29, 2-1. BCN-08934 Contacte: info@pasionporelfengshui.com Finalitat 1) Formulari de contacte: gestionar les consultes rebudes per formulari de contacte per contactar amb lusuari. Legitimaci\u00f3 1) Formulari de contacte: consentiment expl\u00edcit de linteressat. Conservaci\u00f3 Durant [&hellip;]\" \/>\n<meta property=\"og:url\" content=\"https:\/\/www.pasionporelfengshui.com\/ca\/politica-de-privadesa\/\" \/>\n<meta property=\"og:site_name\" content=\"Pasi\u00f3n por el Feng Shui\" \/>\n<meta property=\"article:modified_time\" content=\"2024-09-07T18:12:34+00:00\" \/>\n<meta name=\"twitter:card\" content=\"summary_large_image\" \/>\n<meta name=\"twitter:label1\" content=\"Temps estimat de lectura\" \/>\n\t<meta name=\"twitter:data1\" content=\"7 minuts\" \/>\n<script type=\"application\/ld+json\" class=\"yoast-schema-graph\">{\"@context\":\"https:\\\/\\\/schema.org\",\"@graph\":[{\"@type\":\"WebPage\",\"@id\":\"https:\\\/\\\/www.pasionporelfengshui.com\\\/ca\\\/politica-de-privadesa\\\/\",\"url\":\"https:\\\/\\\/www.pasionporelfengshui.com\\\/ca\\\/politica-de-privadesa\\\/\",\"name\":\"Pol\u00edtica de Privadesa - Pasi\u00f3n por el Feng Shui\",\"isPartOf\":{\"@id\":\"https:\\\/\\\/www.pasionporelfengshui.com\\\/ca\\\/#website\"},\"datePublished\":\"2020-02-21T10:16:57+00:00\",\"dateModified\":\"2024-09-07T18:12:34+00:00\",\"breadcrumb\":{\"@id\":\"https:\\\/\\\/www.pasionporelfengshui.com\\\/ca\\\/politica-de-privadesa\\\/#breadcrumb\"},\"inLanguage\":\"ca\",\"potentialAction\":[{\"@type\":\"ReadAction\",\"target\":[\"https:\\\/\\\/www.pasionporelfengshui.com\\\/ca\\\/politica-de-privadesa\\\/\"]}]},{\"@type\":\"BreadcrumbList\",\"@id\":\"https:\\\/\\\/www.pasionporelfengshui.com\\\/ca\\\/politica-de-privadesa\\\/#breadcrumb\",\"itemListElement\":[{\"@type\":\"ListItem\",\"position\":1,\"name\":\"Home\",\"item\":\"https:\\\/\\\/www.pasionporelfengshui.com\\\/ca\\\/\"},{\"@type\":\"ListItem\",\"position\":2,\"name\":\"Pol\u00edtica de Privadesa\"}]},{\"@type\":\"WebSite\",\"@id\":\"https:\\\/\\\/www.pasionporelfengshui.com\\\/ca\\\/#website\",\"url\":\"https:\\\/\\\/www.pasionporelfengshui.com\\\/ca\\\/\",\"name\":\"Pasi\u00f3n por el Feng Shui\",\"description\":\"Pasi\u00f3n por el Feng Shui\",\"publisher\":{\"@id\":\"https:\\\/\\\/www.pasionporelfengshui.com\\\/ca\\\/#organization\"},\"potentialAction\":[{\"@type\":\"SearchAction\",\"target\":{\"@type\":\"EntryPoint\",\"urlTemplate\":\"https:\\\/\\\/www.pasionporelfengshui.com\\\/ca\\\/?s={search_term_string}\"},\"query-input\":{\"@type\":\"PropertyValueSpecification\",\"valueRequired\":true,\"valueName\":\"search_term_string\"}}],\"inLanguage\":\"ca\"},{\"@type\":\"Organization\",\"@id\":\"https:\\\/\\\/www.pasionporelfengshui.com\\\/ca\\\/#organization\",\"name\":\"Pasi\u00f3n por el Feng Shui\",\"url\":\"https:\\\/\\\/www.pasionporelfengshui.com\\\/ca\\\/\",\"logo\":{\"@type\":\"ImageObject\",\"inLanguage\":\"ca\",\"@id\":\"https:\\\/\\\/www.pasionporelfengshui.com\\\/ca\\\/#\\\/schema\\\/logo\\\/image\\\/\",\"url\":\"https:\\\/\\\/www.pasionporelfengshui.com\\\/wp-content\\\/uploads\\\/2022\\\/07\\\/PasionFengShui_logo_WEB.png\",\"contentUrl\":\"https:\\\/\\\/www.pasionporelfengshui.com\\\/wp-content\\\/uploads\\\/2022\\\/07\\\/PasionFengShui_logo_WEB.png\",\"width\":740,\"height\":216,\"caption\":\"Pasi\u00f3n por el Feng Shui\"},\"image\":{\"@id\":\"https:\\\/\\\/www.pasionporelfengshui.com\\\/ca\\\/#\\\/schema\\\/logo\\\/image\\\/\"}}]}<\/script>\n<!-- \/ Yoast SEO plugin. -->","yoast_head_json":{"title":"Pol\u00edtica de Privadesa - Pasi\u00f3n por el Feng Shui","robots":{"index":"index","follow":"follow","max-snippet":"max-snippet:-1","max-image-preview":"max-image-preview:large","max-video-preview":"max-video-preview:-1"},"canonical":"https:\/\/www.pasionporelfengshui.com\/ca\/politica-de-privadesa\/","og_locale":"ca_ES","og_type":"article","og_title":"Pol\u00edtica de Privadesa - Pasi\u00f3n por el Feng Shui","og_description":"Pol\u00edtica de Privadesa Informaci\u00f3 b\u00e0sica sobre Protecci\u00f3 de Dades Responsable Titular: Silvia V\u00e0zquez Dom\u00e9nech DNI: 46574333T Tel\u00e8fon: +34 620555948 Adre\u00e7a: C\/ Bonaplata 29, 2-1. BCN-08934 Contacte: info@pasionporelfengshui.com Finalitat 1) Formulari de contacte: gestionar les consultes rebudes per formulari de contacte per contactar amb lusuari. Legitimaci\u00f3 1) Formulari de contacte: consentiment expl\u00edcit de linteressat. Conservaci\u00f3 Durant [&hellip;]","og_url":"https:\/\/www.pasionporelfengshui.com\/ca\/politica-de-privadesa\/","og_site_name":"Pasi\u00f3n por el Feng Shui","article_modified_time":"2024-09-07T18:12:34+00:00","twitter_card":"summary_large_image","twitter_misc":{"Temps estimat de lectura":"7 minuts"},"schema":{"@context":"https:\/\/schema.org","@graph":[{"@type":"WebPage","@id":"https:\/\/www.pasionporelfengshui.com\/ca\/politica-de-privadesa\/","url":"https:\/\/www.pasionporelfengshui.com\/ca\/politica-de-privadesa\/","name":"Pol\u00edtica de Privadesa - Pasi\u00f3n por el Feng Shui","isPartOf":{"@id":"https:\/\/www.pasionporelfengshui.com\/ca\/#website"},"datePublished":"2020-02-21T10:16:57+00:00","dateModified":"2024-09-07T18:12:34+00:00","breadcrumb":{"@id":"https:\/\/www.pasionporelfengshui.com\/ca\/politica-de-privadesa\/#breadcrumb"},"inLanguage":"ca","potentialAction":[{"@type":"ReadAction","target":["https:\/\/www.pasionporelfengshui.com\/ca\/politica-de-privadesa\/"]}]},{"@type":"BreadcrumbList","@id":"https:\/\/www.pasionporelfengshui.com\/ca\/politica-de-privadesa\/#breadcrumb","itemListElement":[{"@type":"ListItem","position":1,"name":"Home","item":"https:\/\/www.pasionporelfengshui.com\/ca\/"},{"@type":"ListItem","position":2,"name":"Pol\u00edtica de Privadesa"}]},{"@type":"WebSite","@id":"https:\/\/www.pasionporelfengshui.com\/ca\/#website","url":"https:\/\/www.pasionporelfengshui.com\/ca\/","name":"Pasi\u00f3n por el Feng Shui","description":"Pasi\u00f3n por el Feng Shui","publisher":{"@id":"https:\/\/www.pasionporelfengshui.com\/ca\/#organization"},"potentialAction":[{"@type":"SearchAction","target":{"@type":"EntryPoint","urlTemplate":"https:\/\/www.pasionporelfengshui.com\/ca\/?s={search_term_string}"},"query-input":{"@type":"PropertyValueSpecification","valueRequired":true,"valueName":"search_term_string"}}],"inLanguage":"ca"},{"@type":"Organization","@id":"https:\/\/www.pasionporelfengshui.com\/ca\/#organization","name":"Pasi\u00f3n por el Feng Shui","url":"https:\/\/www.pasionporelfengshui.com\/ca\/","logo":{"@type":"ImageObject","inLanguage":"ca","@id":"https:\/\/www.pasionporelfengshui.com\/ca\/#\/schema\/logo\/image\/","url":"https:\/\/www.pasionporelfengshui.com\/wp-content\/uploads\/2022\/07\/PasionFengShui_logo_WEB.png","contentUrl":"https:\/\/www.pasionporelfengshui.com\/wp-content\/uploads\/2022\/07\/PasionFengShui_logo_WEB.png","width":740,"height":216,"caption":"Pasi\u00f3n por el Feng Shui"},"image":{"@id":"https:\/\/www.pasionporelfengshui.com\/ca\/#\/schema\/logo\/image\/"}}]}},"_links":{"self":[{"href":"https:\/\/www.pasionporelfengshui.com\/ca\/wp-json\/wp\/v2\/pages\/2982","targetHints":{"allow":["GET"]}}],"collection":[{"href":"https:\/\/www.pasionporelfengshui.com\/ca\/wp-json\/wp\/v2\/pages"}],"about":[{"href":"https:\/\/www.pasionporelfengshui.com\/ca\/wp-json\/wp\/v2\/types\/page"}],"author":[{"embeddable":true,"href":"https:\/\/www.pasionporelfengshui.com\/ca\/wp-json\/wp\/v2\/users\/1"}],"replies":[{"embeddable":true,"href":"https:\/\/www.pasionporelfengshui.com\/ca\/wp-json\/wp\/v2\/comments?post=2982"}],"version-history":[{"count":2,"href":"https:\/\/www.pasionporelfengshui.com\/ca\/wp-json\/wp\/v2\/pages\/2982\/revisions"}],"predecessor-version":[{"id":2990,"href":"https:\/\/www.pasionporelfengshui.com\/ca\/wp-json\/wp\/v2\/pages\/2982\/revisions\/2990"}],"wp:attachment":[{"href":"https:\/\/www.pasionporelfengshui.com\/ca\/wp-json\/wp\/v2\/media?parent=2982"}],"curies":[{"name":"wp","href":"https:\/\/api.w.org\/{rel}","templated":true}]}}