{"id":2973,"date":"2024-07-12T17:31:58","date_gmt":"2024-07-12T17:31:58","guid":{"rendered":"https:\/\/www.pasionporelfengshui.com\/empreses\/"},"modified":"2025-06-06T09:55:21","modified_gmt":"2025-06-06T09:55:21","slug":"empreses","status":"publish","type":"page","link":"https:\/\/www.pasionporelfengshui.com\/ca\/empreses\/","title":{"rendered":"Empreses"},"content":{"rendered":"\t\t<div data-elementor-type=\"wp-post\" data-elementor-id=\"2973\" class=\"elementor elementor-2973 elementor-2424\" data-elementor-post-type=\"page\">\n\t\t\t\t<div class=\"elementor-element elementor-element-3186703 e-flex e-con-boxed e-con e-parent\" data-id=\"3186703\" data-element_type=\"container\" data-e-type=\"container\" data-settings=\"{&quot;background_background&quot;:&quot;classic&quot;}\">\n\t\t\t\t\t<div class=\"e-con-inner\">\n\t\t<div class=\"elementor-element elementor-element-eadab90 e-con-full e-flex e-con e-child\" data-id=\"eadab90\" data-element_type=\"container\" data-e-type=\"container\">\n\t\t\t\t<div class=\"elementor-element elementor-element-9525638 elementor-widget-mobile__width-inherit elementor-invisible elementor-widget elementor-widget-heading\" data-id=\"9525638\" data-element_type=\"widget\" data-e-type=\"widget\" data-settings=\"{&quot;_animation&quot;:&quot;fadeIn&quot;,&quot;_animation_delay&quot;:&quot;200&quot;}\" data-widget_type=\"heading.default\">\n\t\t\t\t<div class=\"elementor-widget-container\">\n\t\t\t\t\t<h1 class=\"elementor-heading-title elementor-size-default\">La teva empresa \u00e9s el teu temple de productivitat i \u00e8xit<\/h1>\t\t\t\t<\/div>\n\t\t\t\t<\/div>\n\t\t\t\t<div class=\"elementor-element elementor-element-526dae6 animated-slow elementor-widget-tablet__width-initial elementor-invisible elementor-widget elementor-widget-text-editor\" data-id=\"526dae6\" data-element_type=\"widget\" data-e-type=\"widget\" data-settings=\"{&quot;_animation&quot;:&quot;fadeIn&quot;,&quot;_animation_delay&quot;:&quot;400&quot;}\" data-widget_type=\"text-editor.default\">\n\t\t\t\t<div class=\"elementor-widget-container\">\n\t\t\t\t\t\t\t\t\t<p class=\"p1\">Augmentar la productivitat, millorar la moral dels empleats i reduir l&#8217;estr\u00e8s, s\u00f3n claus per a un negoci exit\u00f3s i pr\u00f2sper.<\/p>\n\t\t\t\t\t\t\t\t<\/div>\n\t\t\t\t<\/div>\n\t\t\t\t<\/div>\n\t\t\t\t\t<\/div>\n\t\t\t\t<\/div>\n\t\t<div class=\"elementor-element elementor-element-bd16557 animated-fast e-flex e-con-boxed elementor-invisible e-con e-parent\" data-id=\"bd16557\" data-element_type=\"container\" data-e-type=\"container\" data-settings=\"{&quot;background_background&quot;:&quot;classic&quot;,&quot;animation&quot;:&quot;fadeInUp&quot;,&quot;animation_tablet&quot;:&quot;fadeIn&quot;,&quot;animation_mobile&quot;:&quot;none&quot;,&quot;animation_delay&quot;:&quot;600&quot;}\">\n\t\t\t\t\t<div class=\"e-con-inner\">\n\t\t<div class=\"elementor-element elementor-element-1c2340b e-con-full e-flex e-con e-child\" data-id=\"1c2340b\" data-element_type=\"container\" data-e-type=\"container\" data-settings=\"{&quot;background_background&quot;:&quot;classic&quot;}\">\n\t\t<div class=\"elementor-element elementor-element-fe42eeb e-flex e-con-boxed e-con e-child\" data-id=\"fe42eeb\" data-element_type=\"container\" data-e-type=\"container\">\n\t\t\t\t\t<div class=\"e-con-inner\">\n\t\t\t\t<div class=\"elementor-element elementor-element-782f9b3 elementor-widget elementor-widget-heading\" data-id=\"782f9b3\" data-element_type=\"widget\" data-e-type=\"widget\" data-widget_type=\"heading.default\">\n\t\t\t\t<div class=\"elementor-widget-container\">\n\t\t\t\t\t<h5 class=\"elementor-heading-title elementor-size-default\">Consultes d\u00b4estudis i pressupost sense comprom\u00eds.<\/h5>\t\t\t\t<\/div>\n\t\t\t\t<\/div>\n\t\t\t\t<div class=\"elementor-element elementor-element-d27582a elementor-widget elementor-widget-heading\" data-id=\"d27582a\" data-element_type=\"widget\" data-e-type=\"widget\" data-widget_type=\"heading.default\">\n\t\t\t\t<div class=\"elementor-widget-container\">\n\t\t\t\t\t<h3 class=\"elementor-heading-title elementor-size-default\">Equilibra, redueix conflictes i millora la comunicaci\u00f3.<\/h3>\t\t\t\t<\/div>\n\t\t\t\t<\/div>\n\t\t\t\t\t<\/div>\n\t\t\t\t<\/div>\n\t\t\t\t<div class=\"elementor-element elementor-element-86c5fae elementor-button-align-stretch elementor-widget elementor-widget-form\" data-id=\"86c5fae\" data-element_type=\"widget\" data-e-type=\"widget\" data-settings=\"{&quot;button_width&quot;:&quot;25&quot;,&quot;step_next_label&quot;:&quot;Next&quot;,&quot;step_previous_label&quot;:&quot;Anterior&quot;,&quot;step_type&quot;:&quot;number_text&quot;,&quot;step_icon_shape&quot;:&quot;circle&quot;}\" data-widget_type=\"form.default\">\n\t\t\t\t<div class=\"elementor-widget-container\">\n\t\t\t\t\t\t\t<form class=\"elementor-form\" method=\"post\" id=\"Empresas_Form\" name=\"Empreses_Form\" aria-label=\"Empreses_Form\">\n\t\t\t<input type=\"hidden\" name=\"post_id\" value=\"2973\"\/>\n\t\t\t<input type=\"hidden\" name=\"form_id\" value=\"86c5fae\"\/>\n\t\t\t<input type=\"hidden\" name=\"referer_title\" value=\"Pasi\u00f3n por el Feng Shui\" \/>\n\n\t\t\t\n\t\t\t<div class=\"elementor-form-fields-wrapper elementor-labels-\">\n\t\t\t\t\t\t\t\t<div class=\"elementor-field-type-text elementor-field-group elementor-column elementor-field-group-name elementor-col-25 elementor-field-required\">\n\t\t\t\t\t\t\t\t\t\t\t\t<label for=\"form-field-name\" class=\"elementor-field-label elementor-screen-only\">\n\t\t\t\t\t\t\t\tNom complet\t\t\t\t\t\t\t<\/label>\n\t\t\t\t\t\t\t\t\t\t\t\t\t\t<input size=\"1\" type=\"text\" name=\"form_fields[name]\" id=\"form-field-name\" class=\"elementor-field elementor-size-md  elementor-field-textual\" placeholder=\"Nom complet\" required=\"required\">\n\t\t\t\t\t\t\t\t\t\t\t<\/div>\n\t\t\t\t\t\t\t\t<div class=\"elementor-field-type-email elementor-field-group elementor-column elementor-field-group-email elementor-col-25 elementor-field-required\">\n\t\t\t\t\t\t\t\t\t\t\t\t<label for=\"form-field-email\" class=\"elementor-field-label elementor-screen-only\">\n\t\t\t\t\t\t\t\tEmail  \t\t\t\t\t\t\t<\/label>\n\t\t\t\t\t\t\t\t\t\t\t\t\t\t<input size=\"1\" type=\"email\" name=\"form_fields[email]\" id=\"form-field-email\" class=\"elementor-field elementor-size-md  elementor-field-textual\" placeholder=\"Email  \" required=\"required\">\n\t\t\t\t\t\t\t\t\t\t\t<\/div>\n\t\t\t\t\t\t\t\t<div class=\"elementor-field-type-tel elementor-field-group elementor-column elementor-field-group-field_05180bf elementor-col-25 elementor-field-required\">\n\t\t\t\t\t\t\t\t\t\t\t\t<label for=\"form-field-field_05180bf\" class=\"elementor-field-label elementor-screen-only\">\n\t\t\t\t\t\t\t\tTel. contacte\t\t\t\t\t\t\t<\/label>\n\t\t\t\t\t\t\t\t<input size=\"1\" type=\"tel\" name=\"form_fields[field_05180bf]\" id=\"form-field-field_05180bf\" class=\"elementor-field elementor-size-md  elementor-field-textual\" placeholder=\"Tel. contacte\" required=\"required\" pattern=\"[0-9()#&amp;+*-=.]+\" title=\"Only numbers and phone characters (#, -, *, etc) are accepted.\">\n\n\t\t\t\t\t\t<\/div>\n\t\t\t\t\t\t\t\t<div class=\"elementor-field-type-text\">\n\t\t\t\t\t<input size=\"1\" type=\"text\" name=\"form_fields[field_8f3fed7]\" id=\"form-field-field_8f3fed7\" class=\"elementor-field elementor-size-md \" style=\"display:none !important;\">\t\t\t\t<\/div>\n\t\t\t\t\t\t\t\t<div class=\"elementor-field-group elementor-column elementor-field-type-submit elementor-col-25 e-form__buttons\">\n\t\t\t\t\t<button class=\"elementor-button elementor-size-sm\" type=\"submit\">\n\t\t\t\t\t\t<span class=\"elementor-button-content-wrapper\">\n\t\t\t\t\t\t\t\t\t\t\t\t\t\t\t\t\t\t\t\t\t\t<span class=\"elementor-button-text\">Sol\u00b7licitar visita<\/span>\n\t\t\t\t\t\t\t\t\t\t\t\t\t<\/span>\n\t\t\t\t\t<\/button>\n\t\t\t\t<\/div>\n\t\t\t<\/div>\n\t\t<\/form>\n\t\t\t\t\t\t<\/div>\n\t\t\t\t<\/div>\n\t\t\t\t<\/div>\n\t\t\t\t\t<\/div>\n\t\t\t\t<\/div>\n\t\t<div class=\"elementor-element elementor-element-89ab2e1 e-flex e-con-boxed e-con e-parent\" data-id=\"89ab2e1\" data-element_type=\"container\" data-e-type=\"container\">\n\t\t\t\t\t<div class=\"e-con-inner\">\n\t\t<div class=\"elementor-element elementor-element-f2a4dbd e-con-full e-flex e-con e-child\" data-id=\"f2a4dbd\" data-element_type=\"container\" data-e-type=\"container\">\n\t\t\t\t<div class=\"elementor-element elementor-element-b3c79d9 animated-fast elementor-invisible elementor-widget elementor-widget-heading\" data-id=\"b3c79d9\" data-element_type=\"widget\" data-e-type=\"widget\" data-settings=\"{&quot;_animation&quot;:&quot;fadeIn&quot;}\" data-widget_type=\"heading.default\">\n\t\t\t\t<div class=\"elementor-widget-container\">\n\t\t\t\t\t<h5 class=\"elementor-heading-title elementor-size-default\">Renova el teu negoci amb Feng Shui<\/h5>\t\t\t\t<\/div>\n\t\t\t\t<\/div>\n\t\t\t\t<div class=\"elementor-element elementor-element-5774da2 elementor-widget-mobile__width-inherit elementor-invisible elementor-widget elementor-widget-heading\" data-id=\"5774da2\" data-element_type=\"widget\" data-e-type=\"widget\" data-settings=\"{&quot;_animation&quot;:&quot;fadeIn&quot;,&quot;_animation_delay&quot;:&quot;200&quot;}\" data-widget_type=\"heading.default\">\n\t\t\t\t<div class=\"elementor-widget-container\">\n\t\t\t\t\t<h2 class=\"elementor-heading-title elementor-size-default\">Feng Shui per a Empreses<\/h2>\t\t\t\t<\/div>\n\t\t\t\t<\/div>\n\t\t\t\t<div class=\"elementor-element elementor-element-0de07bd animated-slow elementor-invisible elementor-widget elementor-widget-text-editor\" data-id=\"0de07bd\" data-element_type=\"widget\" data-e-type=\"widget\" data-settings=\"{&quot;_animation&quot;:&quot;fadeIn&quot;,&quot;_animation_delay&quot;:&quot;400&quot;}\" data-widget_type=\"text-editor.default\">\n\t\t\t\t<div class=\"elementor-widget-container\">\n\t\t\t\t\t\t\t\t\t<p class=\"p1\">Al m\u00f3n empresarial, la recerca d&#8217;avantatges competitius i el benestar al lloc de treball s\u00f3n fonamentals.<\/p>\n\t\t\t\t\t\t\t\t<\/div>\n\t\t\t\t<\/div>\n\t\t\t\t<div class=\"elementor-element elementor-element-2277dcf elementor-widget elementor-widget-image\" data-id=\"2277dcf\" data-element_type=\"widget\" data-e-type=\"widget\" data-widget_type=\"image.default\">\n\t\t\t\t<div class=\"elementor-widget-container\">\n\t\t\t\t\t\t\t\t\t\t\t\t\t\t\t<img fetchpriority=\"high\" decoding=\"async\" width=\"800\" height=\"488\" src=\"https:\/\/www.pasionporelfengshui.com\/wp-content\/uploads\/2024\/11\/Ejecutivos-web-1024x624.png\" class=\"attachment-large size-large wp-image-3353\" alt=\"Consultors Feng Shui i radioest\u00e8sia per a empreses, comer\u00e7os i negocis\" srcset=\"https:\/\/www.pasionporelfengshui.com\/wp-content\/uploads\/2024\/11\/Ejecutivos-web-1024x624.png 1024w, https:\/\/www.pasionporelfengshui.com\/wp-content\/uploads\/2024\/11\/Ejecutivos-web-300x183.png 300w, https:\/\/www.pasionporelfengshui.com\/wp-content\/uploads\/2024\/11\/Ejecutivos-web-768x468.png 768w, https:\/\/www.pasionporelfengshui.com\/wp-content\/uploads\/2024\/11\/Ejecutivos-web.png 1392w\" sizes=\"(max-width: 800px) 100vw, 800px\" \/>\t\t\t\t\t\t\t\t\t\t\t\t\t\t\t<\/div>\n\t\t\t\t<\/div>\n\t\t\t\t<\/div>\n\t\t<div class=\"elementor-element elementor-element-a6b9ad1 e-con-full e-flex e-con e-child\" data-id=\"a6b9ad1\" data-element_type=\"container\" data-e-type=\"container\">\n\t\t\t\t<div class=\"elementor-element elementor-element-9af3a98 animated-slow elementor-invisible elementor-widget elementor-widget-text-editor\" data-id=\"9af3a98\" data-element_type=\"widget\" data-e-type=\"widget\" data-settings=\"{&quot;_animation&quot;:&quot;fadeIn&quot;,&quot;_animation_delay&quot;:&quot;400&quot;}\" data-widget_type=\"text-editor.default\">\n\t\t\t\t<div class=\"elementor-widget-container\">\n\t\t\t\t\t\t\t\t\t<p class=\"p1\">Tot i que el <strong>Feng Shui<\/strong> i la <strong>Radiest\u00e8sia<\/strong> puguin semblar conceptes aliens o esot\u00e8rics, els seus principis poden oferir beneficis tangibles i pr\u00e0ctics per a qualsevol empresa. De fet, sota el meu punt de vista, s\u00f3n claus per a un negoci exit\u00f3s i pr\u00f2sper. <\/p>\n<p class=\"p1\">En primer lloc, el Feng Shui no deixa de ser un gran \u201coptimitzador\u201d d&#8217;espais. Aplicar Feng Shui a una empresa pot semblar un pas inusual, per\u00f2 t\u00e9 fonaments que poden ressonar amb qualsevol empresari. Un entorn de treball ben dissenyat pot augmentar la productivitat, millorar la moral dels empleats i reduir l&#8217;estr\u00e8s.  <\/p>\n<p class=\"p1\">Per exemple, la disposici\u00f3 correcta dels mobles, l&#8217;\u00fas adequat de colors i l&#8217;increment de la llum natural poden crear un ambient m\u00e9s agradable i eficient. De fet, vaig llegir una vegada un estudi d&#8217;una Universitat dels EUA que va demostrar que els espais de treball ben dissenyats poden augmentar la productivitat fins a un 32%! En resum, un entorn harmoni\u00f3s no nom\u00e9s millora el benestar dels empleats, sin\u00f3 que tamb\u00e9 es pot traduir en millors resultats financers.   <\/p>\n<p class=\"p1\">D&#8217;altra banda, la Radiest\u00e8sia \u00e9s una \u201cneteja d&#8217;espais\u201d que complementa fant\u00e0sticament el <strong>Feng Shui<\/strong> en si mateix. Tots sabem que mantenir un espai de treball net \u00e9s indispensable. Netejar-lo aleshores energ\u00e8ticament, ens permet tamb\u00e9 eliminar aquestes energies negatives que poden afectar la din\u00e0mica de treball i la presa de decisions.  <\/p>\n<p class=\"p1\">Un ambient energ\u00e8ticament equilibrat pot ajudar a reduir conflictes, millorar la comunicaci\u00f3 i fomentar un clima de col\u00b7laboraci\u00f3. Raons m\u00e9s que importants a les empreses d&#8217;avui dia. <\/p>\n<p><span style=\"font-size: 18pt;\"><a href=\"https:\/\/www.instagram.com\/p\/C9vARdVuQr1\/?igsh=MWJ2dHVoaWh4NmNyZA%3D%3D\"><a href=\"https:\/\/www.instagram.com\/p\/C9vARdVuQr1\/?igsh=MWJ2dHVoaWh4NmNyZA%3D%3D\">+ informaci\u00f3<\/a><\/a><\/span><\/p>\n\t\t\t\t\t\t\t\t<\/div>\n\t\t\t\t<\/div>\n\t\t\t\t<div class=\"elementor-element elementor-element-e7e98ce elementor-widget__width-auto elementor-invisible elementor-widget elementor-widget-button\" data-id=\"e7e98ce\" data-element_type=\"widget\" data-e-type=\"widget\" data-settings=\"{&quot;_animation&quot;:&quot;fadeInRight&quot;}\" data-widget_type=\"button.default\">\n\t\t\t\t<div class=\"elementor-widget-container\">\n\t\t\t\t\t\t\t\t\t<div class=\"elementor-button-wrapper\">\n\t\t\t\t\t<a class=\"elementor-button elementor-button-link elementor-size-lg\" href=\"https:\/\/www.pasionporelfengshui.com\/contacto\/\">\n\t\t\t\t\t\t<span class=\"elementor-button-content-wrapper\">\n\t\t\t\t\t\t\t\t\t<span class=\"elementor-button-text\">Sol\u00b7licitar consulta<\/span>\n\t\t\t\t\t<\/span>\n\t\t\t\t\t<\/a>\n\t\t\t\t<\/div>\n\t\t\t\t\t\t\t\t<\/div>\n\t\t\t\t<\/div>\n\t\t\t\t<\/div>\n\t\t\t\t\t<\/div>\n\t\t\t\t<\/div>\n\t\t\t\t<\/div>\n\t\t","protected":false},"excerpt":{"rendered":"<p>La teva empresa \u00e9s el teu temple de productivitat i \u00e8xit Augmentar la productivitat, millorar la moral dels empleats i reduir l&#8217;estr\u00e8s, s\u00f3n claus per a un negoci exit\u00f3s i pr\u00f2sper. Consultes d\u00b4estudis i pressupost sense comprom\u00eds. Equilibra, redueix conflictes i millora la comunicaci\u00f3. Renova el teu negoci amb Feng Shui Feng Shui per a [&hellip;]<\/p>\n","protected":false},"author":1,"featured_media":0,"parent":0,"menu_order":0,"comment_status":"closed","ping_status":"closed","template":"","meta":{"footnotes":""},"class_list":["post-2973","page","type-page","status-publish","hentry"],"yoast_head":"<!-- This site is optimized with the Yoast SEO plugin v27.4 - https:\/\/yoast.com\/product\/yoast-seo-wordpress\/ -->\n<title>Consultoria Feng Shui per empreses - Pasi\u00f3n por el Feng Shui<\/title>\n<meta name=\"description\" content=\"Descobreix com el Feng Shui i la Radiest\u00e8sia poden optimitzar el teu negoci, millorar-ne la productivitat i crear un entorn harmoni\u00f3s. Consulteu ara!\" \/>\n<meta name=\"robots\" content=\"index, follow, max-snippet:-1, max-image-preview:large, max-video-preview:-1\" \/>\n<link rel=\"canonical\" href=\"https:\/\/www.pasionporelfengshui.com\/ca\/empreses\/\" \/>\n<meta property=\"og:locale\" content=\"ca_ES\" \/>\n<meta property=\"og:type\" content=\"article\" \/>\n<meta property=\"og:title\" content=\"Consultoria Feng Shui per empreses - Pasi\u00f3n por el Feng Shui\" \/>\n<meta property=\"og:description\" content=\"Descobreix com el Feng Shui i la Radiest\u00e8sia poden optimitzar el teu negoci, millorar-ne la productivitat i crear un entorn harmoni\u00f3s. Consulteu ara!\" \/>\n<meta property=\"og:url\" content=\"https:\/\/www.pasionporelfengshui.com\/ca\/empreses\/\" \/>\n<meta property=\"og:site_name\" content=\"Pasi\u00f3n por el Feng Shui\" \/>\n<meta property=\"article:modified_time\" content=\"2025-06-06T09:55:21+00:00\" \/>\n<meta property=\"og:image\" content=\"http:\/\/www.pasionporelfengshui.com\/wp-content\/uploads\/2024\/11\/Ejecutivos-web-1024x624.png\" \/>\n<meta name=\"twitter:card\" content=\"summary_large_image\" \/>\n<meta name=\"twitter:label1\" content=\"Temps estimat de lectura\" \/>\n\t<meta name=\"twitter:data1\" content=\"2 minuts\" \/>\n<script type=\"application\/ld+json\" class=\"yoast-schema-graph\">{\"@context\":\"https:\\\/\\\/schema.org\",\"@graph\":[{\"@type\":\"WebPage\",\"@id\":\"https:\\\/\\\/www.pasionporelfengshui.com\\\/ca\\\/empreses\\\/\",\"url\":\"https:\\\/\\\/www.pasionporelfengshui.com\\\/ca\\\/empreses\\\/\",\"name\":\"Consultoria Feng Shui per empreses - Pasi\u00f3n por el Feng Shui\",\"isPartOf\":{\"@id\":\"https:\\\/\\\/www.pasionporelfengshui.com\\\/ca\\\/#website\"},\"primaryImageOfPage\":{\"@id\":\"https:\\\/\\\/www.pasionporelfengshui.com\\\/ca\\\/empreses\\\/#primaryimage\"},\"image\":{\"@id\":\"https:\\\/\\\/www.pasionporelfengshui.com\\\/ca\\\/empreses\\\/#primaryimage\"},\"thumbnailUrl\":\"http:\\\/\\\/www.pasionporelfengshui.com\\\/wp-content\\\/uploads\\\/2024\\\/11\\\/Ejecutivos-web-1024x624.png\",\"datePublished\":\"2024-07-12T17:31:58+00:00\",\"dateModified\":\"2025-06-06T09:55:21+00:00\",\"description\":\"Descobreix com el Feng Shui i la Radiest\u00e8sia poden optimitzar el teu negoci, millorar-ne la productivitat i crear un entorn harmoni\u00f3s. Consulteu ara!\",\"breadcrumb\":{\"@id\":\"https:\\\/\\\/www.pasionporelfengshui.com\\\/ca\\\/empreses\\\/#breadcrumb\"},\"inLanguage\":\"ca\",\"potentialAction\":[{\"@type\":\"ReadAction\",\"target\":[\"https:\\\/\\\/www.pasionporelfengshui.com\\\/ca\\\/empreses\\\/\"]}]},{\"@type\":\"ImageObject\",\"inLanguage\":\"ca\",\"@id\":\"https:\\\/\\\/www.pasionporelfengshui.com\\\/ca\\\/empreses\\\/#primaryimage\",\"url\":\"http:\\\/\\\/www.pasionporelfengshui.com\\\/wp-content\\\/uploads\\\/2024\\\/11\\\/Ejecutivos-web-1024x624.png\",\"contentUrl\":\"http:\\\/\\\/www.pasionporelfengshui.com\\\/wp-content\\\/uploads\\\/2024\\\/11\\\/Ejecutivos-web-1024x624.png\"},{\"@type\":\"BreadcrumbList\",\"@id\":\"https:\\\/\\\/www.pasionporelfengshui.com\\\/ca\\\/empreses\\\/#breadcrumb\",\"itemListElement\":[{\"@type\":\"ListItem\",\"position\":1,\"name\":\"Home\",\"item\":\"https:\\\/\\\/www.pasionporelfengshui.com\\\/ca\\\/\"},{\"@type\":\"ListItem\",\"position\":2,\"name\":\"Empreses\"}]},{\"@type\":\"WebSite\",\"@id\":\"https:\\\/\\\/www.pasionporelfengshui.com\\\/ca\\\/#website\",\"url\":\"https:\\\/\\\/www.pasionporelfengshui.com\\\/ca\\\/\",\"name\":\"Pasi\u00f3n por el Feng Shui\",\"description\":\"Pasi\u00f3n por el Feng Shui\",\"publisher\":{\"@id\":\"https:\\\/\\\/www.pasionporelfengshui.com\\\/ca\\\/#organization\"},\"potentialAction\":[{\"@type\":\"SearchAction\",\"target\":{\"@type\":\"EntryPoint\",\"urlTemplate\":\"https:\\\/\\\/www.pasionporelfengshui.com\\\/ca\\\/?s={search_term_string}\"},\"query-input\":{\"@type\":\"PropertyValueSpecification\",\"valueRequired\":true,\"valueName\":\"search_term_string\"}}],\"inLanguage\":\"ca\"},{\"@type\":\"Organization\",\"@id\":\"https:\\\/\\\/www.pasionporelfengshui.com\\\/ca\\\/#organization\",\"name\":\"Pasi\u00f3n por el Feng Shui\",\"url\":\"https:\\\/\\\/www.pasionporelfengshui.com\\\/ca\\\/\",\"logo\":{\"@type\":\"ImageObject\",\"inLanguage\":\"ca\",\"@id\":\"https:\\\/\\\/www.pasionporelfengshui.com\\\/ca\\\/#\\\/schema\\\/logo\\\/image\\\/\",\"url\":\"https:\\\/\\\/www.pasionporelfengshui.com\\\/wp-content\\\/uploads\\\/2022\\\/07\\\/PasionFengShui_logo_WEB.png\",\"contentUrl\":\"https:\\\/\\\/www.pasionporelfengshui.com\\\/wp-content\\\/uploads\\\/2022\\\/07\\\/PasionFengShui_logo_WEB.png\",\"width\":740,\"height\":216,\"caption\":\"Pasi\u00f3n por el Feng Shui\"},\"image\":{\"@id\":\"https:\\\/\\\/www.pasionporelfengshui.com\\\/ca\\\/#\\\/schema\\\/logo\\\/image\\\/\"}}]}<\/script>\n<!-- \/ Yoast SEO plugin. -->","yoast_head_json":{"title":"Consultoria Feng Shui per empreses - Pasi\u00f3n por el Feng Shui","description":"Descobreix com el Feng Shui i la Radiest\u00e8sia poden optimitzar el teu negoci, millorar-ne la productivitat i crear un entorn harmoni\u00f3s. Consulteu ara!","robots":{"index":"index","follow":"follow","max-snippet":"max-snippet:-1","max-image-preview":"max-image-preview:large","max-video-preview":"max-video-preview:-1"},"canonical":"https:\/\/www.pasionporelfengshui.com\/ca\/empreses\/","og_locale":"ca_ES","og_type":"article","og_title":"Consultoria Feng Shui per empreses - Pasi\u00f3n por el Feng Shui","og_description":"Descobreix com el Feng Shui i la Radiest\u00e8sia poden optimitzar el teu negoci, millorar-ne la productivitat i crear un entorn harmoni\u00f3s. Consulteu ara!","og_url":"https:\/\/www.pasionporelfengshui.com\/ca\/empreses\/","og_site_name":"Pasi\u00f3n por el Feng Shui","article_modified_time":"2025-06-06T09:55:21+00:00","og_image":[{"url":"http:\/\/www.pasionporelfengshui.com\/wp-content\/uploads\/2024\/11\/Ejecutivos-web-1024x624.png","type":"","width":"","height":""}],"twitter_card":"summary_large_image","twitter_misc":{"Temps estimat de lectura":"2 minuts"},"schema":{"@context":"https:\/\/schema.org","@graph":[{"@type":"WebPage","@id":"https:\/\/www.pasionporelfengshui.com\/ca\/empreses\/","url":"https:\/\/www.pasionporelfengshui.com\/ca\/empreses\/","name":"Consultoria Feng Shui per empreses - Pasi\u00f3n por el Feng Shui","isPartOf":{"@id":"https:\/\/www.pasionporelfengshui.com\/ca\/#website"},"primaryImageOfPage":{"@id":"https:\/\/www.pasionporelfengshui.com\/ca\/empreses\/#primaryimage"},"image":{"@id":"https:\/\/www.pasionporelfengshui.com\/ca\/empreses\/#primaryimage"},"thumbnailUrl":"http:\/\/www.pasionporelfengshui.com\/wp-content\/uploads\/2024\/11\/Ejecutivos-web-1024x624.png","datePublished":"2024-07-12T17:31:58+00:00","dateModified":"2025-06-06T09:55:21+00:00","description":"Descobreix com el Feng Shui i la Radiest\u00e8sia poden optimitzar el teu negoci, millorar-ne la productivitat i crear un entorn harmoni\u00f3s. Consulteu ara!","breadcrumb":{"@id":"https:\/\/www.pasionporelfengshui.com\/ca\/empreses\/#breadcrumb"},"inLanguage":"ca","potentialAction":[{"@type":"ReadAction","target":["https:\/\/www.pasionporelfengshui.com\/ca\/empreses\/"]}]},{"@type":"ImageObject","inLanguage":"ca","@id":"https:\/\/www.pasionporelfengshui.com\/ca\/empreses\/#primaryimage","url":"http:\/\/www.pasionporelfengshui.com\/wp-content\/uploads\/2024\/11\/Ejecutivos-web-1024x624.png","contentUrl":"http:\/\/www.pasionporelfengshui.com\/wp-content\/uploads\/2024\/11\/Ejecutivos-web-1024x624.png"},{"@type":"BreadcrumbList","@id":"https:\/\/www.pasionporelfengshui.com\/ca\/empreses\/#breadcrumb","itemListElement":[{"@type":"ListItem","position":1,"name":"Home","item":"https:\/\/www.pasionporelfengshui.com\/ca\/"},{"@type":"ListItem","position":2,"name":"Empreses"}]},{"@type":"WebSite","@id":"https:\/\/www.pasionporelfengshui.com\/ca\/#website","url":"https:\/\/www.pasionporelfengshui.com\/ca\/","name":"Pasi\u00f3n por el Feng Shui","description":"Pasi\u00f3n por el Feng Shui","publisher":{"@id":"https:\/\/www.pasionporelfengshui.com\/ca\/#organization"},"potentialAction":[{"@type":"SearchAction","target":{"@type":"EntryPoint","urlTemplate":"https:\/\/www.pasionporelfengshui.com\/ca\/?s={search_term_string}"},"query-input":{"@type":"PropertyValueSpecification","valueRequired":true,"valueName":"search_term_string"}}],"inLanguage":"ca"},{"@type":"Organization","@id":"https:\/\/www.pasionporelfengshui.com\/ca\/#organization","name":"Pasi\u00f3n por el Feng Shui","url":"https:\/\/www.pasionporelfengshui.com\/ca\/","logo":{"@type":"ImageObject","inLanguage":"ca","@id":"https:\/\/www.pasionporelfengshui.com\/ca\/#\/schema\/logo\/image\/","url":"https:\/\/www.pasionporelfengshui.com\/wp-content\/uploads\/2022\/07\/PasionFengShui_logo_WEB.png","contentUrl":"https:\/\/www.pasionporelfengshui.com\/wp-content\/uploads\/2022\/07\/PasionFengShui_logo_WEB.png","width":740,"height":216,"caption":"Pasi\u00f3n por el Feng Shui"},"image":{"@id":"https:\/\/www.pasionporelfengshui.com\/ca\/#\/schema\/logo\/image\/"}}]}},"_links":{"self":[{"href":"https:\/\/www.pasionporelfengshui.com\/ca\/wp-json\/wp\/v2\/pages\/2973","targetHints":{"allow":["GET"]}}],"collection":[{"href":"https:\/\/www.pasionporelfengshui.com\/ca\/wp-json\/wp\/v2\/pages"}],"about":[{"href":"https:\/\/www.pasionporelfengshui.com\/ca\/wp-json\/wp\/v2\/types\/page"}],"author":[{"embeddable":true,"href":"https:\/\/www.pasionporelfengshui.com\/ca\/wp-json\/wp\/v2\/users\/1"}],"replies":[{"embeddable":true,"href":"https:\/\/www.pasionporelfengshui.com\/ca\/wp-json\/wp\/v2\/comments?post=2973"}],"version-history":[{"count":6,"href":"https:\/\/www.pasionporelfengshui.com\/ca\/wp-json\/wp\/v2\/pages\/2973\/revisions"}],"predecessor-version":[{"id":3504,"href":"https:\/\/www.pasionporelfengshui.com\/ca\/wp-json\/wp\/v2\/pages\/2973\/revisions\/3504"}],"wp:attachment":[{"href":"https:\/\/www.pasionporelfengshui.com\/ca\/wp-json\/wp\/v2\/media?parent=2973"}],"curies":[{"name":"wp","href":"https:\/\/api.w.org\/{rel}","templated":true}]}}