{"id":2966,"date":"2024-07-13T18:23:22","date_gmt":"2024-07-13T18:23:22","guid":{"rendered":"https:\/\/www.pasionporelfengshui.com\/compra-venda\/"},"modified":"2025-06-06T09:53:15","modified_gmt":"2025-06-06T09:53:15","slug":"compra-venda","status":"publish","type":"page","link":"https:\/\/www.pasionporelfengshui.com\/ca\/compra-venda\/","title":{"rendered":"Compra-Venda"},"content":{"rendered":"\t\t<div data-elementor-type=\"wp-post\" data-elementor-id=\"2966\" class=\"elementor elementor-2966 elementor-2493\" data-elementor-post-type=\"page\">\n\t\t\t\t<div class=\"elementor-element elementor-element-3186703 e-flex e-con-boxed e-con e-parent\" data-id=\"3186703\" data-element_type=\"container\" data-e-type=\"container\" data-settings=\"{&quot;background_background&quot;:&quot;classic&quot;}\">\n\t\t\t\t\t<div class=\"e-con-inner\">\n\t\t<div class=\"elementor-element elementor-element-eadab90 e-con-full e-flex e-con e-child\" data-id=\"eadab90\" data-element_type=\"container\" data-e-type=\"container\">\n\t\t\t\t<div class=\"elementor-element elementor-element-9525638 elementor-widget-mobile__width-inherit elementor-invisible elementor-widget elementor-widget-heading\" data-id=\"9525638\" data-element_type=\"widget\" data-e-type=\"widget\" data-settings=\"{&quot;_animation&quot;:&quot;fadeIn&quot;,&quot;_animation_delay&quot;:&quot;200&quot;}\" data-widget_type=\"heading.default\">\n\t\t\t\t<div class=\"elementor-widget-container\">\n\t\t\t\t\t<h1 class=\"elementor-heading-title elementor-size-default\">Agilitza la venda o lloguer d'una propietat<\/h1>\t\t\t\t<\/div>\n\t\t\t\t<\/div>\n\t\t\t\t<div class=\"elementor-element elementor-element-526dae6 animated-slow elementor-widget-tablet__width-initial elementor-invisible elementor-widget elementor-widget-text-editor\" data-id=\"526dae6\" data-element_type=\"widget\" data-e-type=\"widget\" data-settings=\"{&quot;_animation&quot;:&quot;fadeIn&quot;,&quot;_animation_delay&quot;:&quot;400&quot;}\" data-widget_type=\"text-editor.default\">\n\t\t\t\t<div class=\"elementor-widget-container\">\n\t\t\t\t\t\t\t\t\t<p class=\"p1\">Allibera i desbloqueja c\u00e0rregues energ\u00e8tiques de les propietats i territoris.<\/p>\n\t\t\t\t\t\t\t\t<\/div>\n\t\t\t\t<\/div>\n\t\t\t\t<\/div>\n\t\t\t\t\t<\/div>\n\t\t\t\t<\/div>\n\t\t<div class=\"elementor-element elementor-element-bd16557 animated-fast e-flex e-con-boxed elementor-invisible e-con e-parent\" data-id=\"bd16557\" data-element_type=\"container\" data-e-type=\"container\" data-settings=\"{&quot;background_background&quot;:&quot;classic&quot;,&quot;animation&quot;:&quot;fadeInUp&quot;,&quot;animation_tablet&quot;:&quot;fadeIn&quot;,&quot;animation_mobile&quot;:&quot;none&quot;,&quot;animation_delay&quot;:&quot;600&quot;}\">\n\t\t\t\t\t<div class=\"e-con-inner\">\n\t\t<div class=\"elementor-element elementor-element-1c2340b e-con-full e-flex e-con e-child\" data-id=\"1c2340b\" data-element_type=\"container\" data-e-type=\"container\" data-settings=\"{&quot;background_background&quot;:&quot;classic&quot;}\">\n\t\t<div class=\"elementor-element elementor-element-fe42eeb e-flex e-con-boxed e-con e-child\" data-id=\"fe42eeb\" data-element_type=\"container\" data-e-type=\"container\">\n\t\t\t\t\t<div class=\"e-con-inner\">\n\t\t\t\t<div class=\"elementor-element elementor-element-782f9b3 elementor-widget elementor-widget-heading\" data-id=\"782f9b3\" data-element_type=\"widget\" data-e-type=\"widget\" data-widget_type=\"heading.default\">\n\t\t\t\t<div class=\"elementor-widget-container\">\n\t\t\t\t\t<h5 class=\"elementor-heading-title elementor-size-default\">Consultes d\u00b4estudis i pressupost sense comprom\u00eds.<\/h5>\t\t\t\t<\/div>\n\t\t\t\t<\/div>\n\t\t\t\t<div class=\"elementor-element elementor-element-d27582a elementor-widget elementor-widget-heading\" data-id=\"d27582a\" data-element_type=\"widget\" data-e-type=\"widget\" data-widget_type=\"heading.default\">\n\t\t\t\t<div class=\"elementor-widget-container\">\n\t\t\t\t\t<h3 class=\"elementor-heading-title elementor-size-default\">Facilita la decisi\u00f3 de compravenda per part de tots els interessats en la teva propietat.<\/h3>\t\t\t\t<\/div>\n\t\t\t\t<\/div>\n\t\t\t\t\t<\/div>\n\t\t\t\t<\/div>\n\t\t\t\t<div class=\"elementor-element elementor-element-235504d elementor-button-align-stretch elementor-widget elementor-widget-form\" data-id=\"235504d\" data-element_type=\"widget\" data-e-type=\"widget\" data-settings=\"{&quot;button_width&quot;:&quot;25&quot;,&quot;step_next_label&quot;:&quot;Next&quot;,&quot;step_previous_label&quot;:&quot;Anterior&quot;,&quot;step_type&quot;:&quot;number_text&quot;,&quot;step_icon_shape&quot;:&quot;circle&quot;}\" data-widget_type=\"form.default\">\n\t\t\t\t<div class=\"elementor-widget-container\">\n\t\t\t\t\t\t\t<form class=\"elementor-form\" method=\"post\" id=\"Compra_Venta_Form\" name=\"Compra_Venda_Form\" aria-label=\"Compra_Venda_Form\">\n\t\t\t<input type=\"hidden\" name=\"post_id\" value=\"2966\"\/>\n\t\t\t<input type=\"hidden\" name=\"form_id\" value=\"235504d\"\/>\n\t\t\t<input type=\"hidden\" name=\"referer_title\" value=\"Pasi\u00f3n por el Feng Shui\" \/>\n\n\t\t\t\n\t\t\t<div class=\"elementor-form-fields-wrapper elementor-labels-\">\n\t\t\t\t\t\t\t\t<div class=\"elementor-field-type-text elementor-field-group elementor-column elementor-field-group-name elementor-col-25 elementor-field-required\">\n\t\t\t\t\t\t\t\t\t\t\t\t<label for=\"form-field-name\" class=\"elementor-field-label elementor-screen-only\">\n\t\t\t\t\t\t\t\tNom complet\t\t\t\t\t\t\t<\/label>\n\t\t\t\t\t\t\t\t\t\t\t\t\t\t<input size=\"1\" type=\"text\" name=\"form_fields[name]\" id=\"form-field-name\" class=\"elementor-field elementor-size-md  elementor-field-textual\" placeholder=\"Nom complet\" required=\"required\">\n\t\t\t\t\t\t\t\t\t\t\t<\/div>\n\t\t\t\t\t\t\t\t<div class=\"elementor-field-type-email elementor-field-group elementor-column elementor-field-group-email elementor-col-25 elementor-field-required\">\n\t\t\t\t\t\t\t\t\t\t\t\t<label for=\"form-field-email\" class=\"elementor-field-label elementor-screen-only\">\n\t\t\t\t\t\t\t\tEmail  \t\t\t\t\t\t\t<\/label>\n\t\t\t\t\t\t\t\t\t\t\t\t\t\t<input size=\"1\" type=\"email\" name=\"form_fields[email]\" id=\"form-field-email\" class=\"elementor-field elementor-size-md  elementor-field-textual\" placeholder=\"Email  \" required=\"required\">\n\t\t\t\t\t\t\t\t\t\t\t<\/div>\n\t\t\t\t\t\t\t\t<div class=\"elementor-field-type-tel elementor-field-group elementor-column elementor-field-group-field_05180bf elementor-col-25 elementor-field-required\">\n\t\t\t\t\t\t\t\t\t\t\t\t<label for=\"form-field-field_05180bf\" class=\"elementor-field-label elementor-screen-only\">\n\t\t\t\t\t\t\t\tTel. contacte\t\t\t\t\t\t\t<\/label>\n\t\t\t\t\t\t\t\t<input size=\"1\" type=\"tel\" name=\"form_fields[field_05180bf]\" id=\"form-field-field_05180bf\" class=\"elementor-field elementor-size-md  elementor-field-textual\" placeholder=\"Tel. contacte\" required=\"required\" pattern=\"[0-9()#&amp;+*-=.]+\" title=\"Only numbers and phone characters (#, -, *, etc) are accepted.\">\n\n\t\t\t\t\t\t<\/div>\n\t\t\t\t\t\t\t\t<div class=\"elementor-field-type-text\">\n\t\t\t\t\t<input size=\"1\" type=\"text\" name=\"form_fields[field_8f3fed7]\" id=\"form-field-field_8f3fed7\" class=\"elementor-field elementor-size-md \" style=\"display:none !important;\">\t\t\t\t<\/div>\n\t\t\t\t\t\t\t\t<div class=\"elementor-field-group elementor-column elementor-field-type-submit elementor-col-25 e-form__buttons\">\n\t\t\t\t\t<button class=\"elementor-button elementor-size-sm\" type=\"submit\">\n\t\t\t\t\t\t<span class=\"elementor-button-content-wrapper\">\n\t\t\t\t\t\t\t\t\t\t\t\t\t\t\t\t\t\t\t\t\t\t<span class=\"elementor-button-text\">Sol\u00b7licitar visita<\/span>\n\t\t\t\t\t\t\t\t\t\t\t\t\t<\/span>\n\t\t\t\t\t<\/button>\n\t\t\t\t<\/div>\n\t\t\t<\/div>\n\t\t<\/form>\n\t\t\t\t\t\t<\/div>\n\t\t\t\t<\/div>\n\t\t\t\t<\/div>\n\t\t\t\t\t<\/div>\n\t\t\t\t<\/div>\n\t\t<div class=\"elementor-element elementor-element-89ab2e1 e-flex e-con-boxed e-con e-parent\" data-id=\"89ab2e1\" data-element_type=\"container\" data-e-type=\"container\">\n\t\t\t\t\t<div class=\"e-con-inner\">\n\t\t<div class=\"elementor-element elementor-element-f2a4dbd e-con-full e-flex e-con e-child\" data-id=\"f2a4dbd\" data-element_type=\"container\" data-e-type=\"container\">\n\t\t\t\t<div class=\"elementor-element elementor-element-b3c79d9 animated-fast elementor-invisible elementor-widget elementor-widget-heading\" data-id=\"b3c79d9\" data-element_type=\"widget\" data-e-type=\"widget\" data-settings=\"{&quot;_animation&quot;:&quot;fadeIn&quot;}\" data-widget_type=\"heading.default\">\n\t\t\t\t<div class=\"elementor-widget-container\">\n\t\t\t\t\t<h5 class=\"elementor-heading-title elementor-size-default\">Augmenta els teus futurs compradors o llogaters<\/h5>\t\t\t\t<\/div>\n\t\t\t\t<\/div>\n\t\t\t\t<div class=\"elementor-element elementor-element-5774da2 elementor-widget-mobile__width-inherit elementor-invisible elementor-widget elementor-widget-heading\" data-id=\"5774da2\" data-element_type=\"widget\" data-e-type=\"widget\" data-settings=\"{&quot;_animation&quot;:&quot;fadeIn&quot;,&quot;_animation_delay&quot;:&quot;200&quot;}\" data-widget_type=\"heading.default\">\n\t\t\t\t<div class=\"elementor-widget-container\">\n\t\t\t\t\t<h2 class=\"elementor-heading-title elementor-size-default\">T\u00e8cniques per llogar, comprar, vendre o construir casa teva en menys temps<\/h2>\t\t\t\t<\/div>\n\t\t\t\t<\/div>\n\t\t\t\t<div class=\"elementor-element elementor-element-0de07bd animated-slow elementor-invisible elementor-widget elementor-widget-text-editor\" data-id=\"0de07bd\" data-element_type=\"widget\" data-e-type=\"widget\" data-settings=\"{&quot;_animation&quot;:&quot;fadeIn&quot;,&quot;_animation_delay&quot;:&quot;400&quot;}\" data-widget_type=\"text-editor.default\">\n\t\t\t\t<div class=\"elementor-widget-container\">\n\t\t\t\t\t\t\t\t\t<p class=\"p1\">Permet que l&#8217;harmonia de casa teva es reflecteixi a la teva vida i aconsegueix que altres vulguin invertir en una casa de la teva propietat.<\/p>\n\t\t\t\t\t\t\t\t<\/div>\n\t\t\t\t<\/div>\n\t\t\t\t<\/div>\n\t\t<div class=\"elementor-element elementor-element-a6b9ad1 e-con-full e-flex e-con e-child\" data-id=\"a6b9ad1\" data-element_type=\"container\" data-e-type=\"container\">\n\t\t\t\t<div class=\"elementor-element elementor-element-9af3a98 animated-slow elementor-invisible elementor-widget elementor-widget-text-editor\" data-id=\"9af3a98\" data-element_type=\"widget\" data-e-type=\"widget\" data-settings=\"{&quot;_animation&quot;:&quot;fadeIn&quot;,&quot;_animation_delay&quot;:&quot;400&quot;}\" data-widget_type=\"text-editor.default\">\n\t\t\t\t<div class=\"elementor-widget-container\">\n\t\t\t\t\t\t\t\t\t<p class=\"p1\">Normalment quan una propietat no es ven, \u00e9s perqu\u00e8 hi ha energies externes que bloquegen aquesta venda.<span class=\"Apple-converted-space\"> <\/span><\/p>\n<p class=\"p1\">Deixant de banda les principals caracter\u00edstiques que tots tenim en compte a l&#8217;hora de cercar una propietat com poden ser: la ubicaci\u00f3, el preu, la mida i la distribuci\u00f3, l&#8217;estat de la propietat, els acabats, el ve\u00efnat i la comunitat, la flexibilitat en la negociaci\u00f3, el finan\u00e7ament, els tr\u00e0mits burocr\u00e0tics, i tot el que se&#8217;t pugui acudir; hi ha factors externs energ\u00e8tics i invisibles que no veiem ni som conscients que existeixen i que afectessin la nostra presa de decisi\u00f3.<\/p>\n<p class=\"p1\">Cada propietat t\u00e9 una hist\u00f2ria al darrere, i no nom\u00e9s la propietat, sin\u00f3 tamb\u00e9 el territori on est\u00e0 constru\u00efda, com he explicat a l&#8217;apartat anterior. Des de problemes legals, deutes, estafes, embargaments, defuncions traum\u00e0tiques, etc. Fins a ens, acords hist\u00f2rics, pactes generacionals, guerres, i mil coses m\u00e9s!  <span class=\"Apple-converted-space\"> <\/span><\/p>\n<p class=\"p1\">Per aquest motiu, si vols vendre la teva propietat r\u00e0pida, \u00e9s indispensable alliberar tota aquesta c\u00e0rrega, perqu\u00e8 la propietat pugui ser vista i triada.<\/p>\n<p><span style=\"font-size: 18pt;\"><a href=\"https:\/\/www.instagram.com\/p\/C5Y2s1Ztt25\/?igsh=MW5wbnVpc3JxdXp4NA==\"><a href=\"https:\/\/www.instagram.com\/p\/C5Y2s1Ztt25\/?igsh=MW5wbnVpc3JxdXp4NA==\">+ informaci\u00f3<\/a><\/a><\/span><\/p>\n\t\t\t\t\t\t\t\t<\/div>\n\t\t\t\t<\/div>\n\t\t\t\t<div class=\"elementor-element elementor-element-e7e98ce elementor-widget__width-auto elementor-invisible elementor-widget elementor-widget-button\" data-id=\"e7e98ce\" data-element_type=\"widget\" data-e-type=\"widget\" data-settings=\"{&quot;_animation&quot;:&quot;fadeInRight&quot;}\" data-widget_type=\"button.default\">\n\t\t\t\t<div class=\"elementor-widget-container\">\n\t\t\t\t\t\t\t\t\t<div class=\"elementor-button-wrapper\">\n\t\t\t\t\t<a class=\"elementor-button elementor-button-link elementor-size-lg\" href=\"https:\/\/www.pasionporelfengshui.com\/contacto\/\">\n\t\t\t\t\t\t<span class=\"elementor-button-content-wrapper\">\n\t\t\t\t\t\t\t\t\t<span class=\"elementor-button-text\">Sol\u00b7licitar consulta<\/span>\n\t\t\t\t\t<\/span>\n\t\t\t\t\t<\/a>\n\t\t\t\t<\/div>\n\t\t\t\t\t\t\t\t<\/div>\n\t\t\t\t<\/div>\n\t\t\t\t<\/div>\n\t\t\t\t\t<\/div>\n\t\t\t\t<\/div>\n\t\t<div class=\"elementor-element elementor-element-72f9470 e-flex e-con-boxed e-con e-parent\" data-id=\"72f9470\" data-element_type=\"container\" data-e-type=\"container\" data-settings=\"{&quot;background_background&quot;:&quot;classic&quot;}\">\n\t\t\t\t\t<div class=\"e-con-inner\">\n\t\t\t\t<div class=\"elementor-element elementor-element-68a361d elementor-widget elementor-widget-spacer\" data-id=\"68a361d\" data-element_type=\"widget\" data-e-type=\"widget\" data-widget_type=\"spacer.default\">\n\t\t\t\t<div class=\"elementor-widget-container\">\n\t\t\t\t\t\t\t<div class=\"elementor-spacer\">\n\t\t\t<div class=\"elementor-spacer-inner\"><\/div>\n\t\t<\/div>\n\t\t\t\t\t\t<\/div>\n\t\t\t\t<\/div>\n\t\t\t\t\t<\/div>\n\t\t\t\t<\/div>\n\t\t\t\t<\/div>\n\t\t","protected":false},"excerpt":{"rendered":"<p>Agilitza la venda o lloguer d&#8217;una propietat Allibera i desbloqueja c\u00e0rregues energ\u00e8tiques de les propietats i territoris. Consultes d\u00b4estudis i pressupost sense comprom\u00eds. Facilita la decisi\u00f3 de compravenda per part de tots els interessats en la teva propietat. Augmenta els teus futurs compradors o llogaters T\u00e8cniques per llogar, comprar, vendre o construir casa teva en [&hellip;]<\/p>\n","protected":false},"author":1,"featured_media":0,"parent":0,"menu_order":0,"comment_status":"closed","ping_status":"closed","template":"","meta":{"footnotes":""},"class_list":["post-2966","page","type-page","status-publish","hentry"],"yoast_head":"<!-- This site is optimized with the Yoast SEO plugin v27.4 - https:\/\/yoast.com\/product\/yoast-seo-wordpress\/ -->\n<title>Feng Shui per immobles a Barcelona - Pasi\u00f3n por el Feng Shui<\/title>\n<meta name=\"description\" content=\"Allibera energies bloquejades amb el Feng Shui i neteges i ter\u00e0pies energ\u00e8tiques. Accelera la venda de la teva propietat. Consulta gratu\u00efta a tot Europa!\" \/>\n<meta name=\"robots\" content=\"index, follow, max-snippet:-1, max-image-preview:large, max-video-preview:-1\" \/>\n<link rel=\"canonical\" href=\"https:\/\/www.pasionporelfengshui.com\/ca\/compra-venda\/\" \/>\n<meta property=\"og:locale\" content=\"ca_ES\" \/>\n<meta property=\"og:type\" content=\"article\" \/>\n<meta property=\"og:title\" content=\"Feng Shui per immobles a Barcelona - Pasi\u00f3n por el Feng Shui\" \/>\n<meta property=\"og:description\" content=\"Allibera energies bloquejades amb el Feng Shui i neteges i ter\u00e0pies energ\u00e8tiques. Accelera la venda de la teva propietat. Consulta gratu\u00efta a tot Europa!\" \/>\n<meta property=\"og:url\" content=\"https:\/\/www.pasionporelfengshui.com\/ca\/compra-venda\/\" \/>\n<meta property=\"og:site_name\" content=\"Pasi\u00f3n por el Feng Shui\" \/>\n<meta property=\"article:modified_time\" content=\"2025-06-06T09:53:15+00:00\" \/>\n<meta name=\"twitter:card\" content=\"summary_large_image\" \/>\n<meta name=\"twitter:label1\" content=\"Temps estimat de lectura\" \/>\n\t<meta name=\"twitter:data1\" content=\"2 minuts\" \/>\n<script type=\"application\/ld+json\" class=\"yoast-schema-graph\">{\"@context\":\"https:\\\/\\\/schema.org\",\"@graph\":[{\"@type\":\"WebPage\",\"@id\":\"https:\\\/\\\/www.pasionporelfengshui.com\\\/ca\\\/compra-venda\\\/\",\"url\":\"https:\\\/\\\/www.pasionporelfengshui.com\\\/ca\\\/compra-venda\\\/\",\"name\":\"Feng Shui per immobles a Barcelona - Pasi\u00f3n por el Feng Shui\",\"isPartOf\":{\"@id\":\"https:\\\/\\\/www.pasionporelfengshui.com\\\/ca\\\/#website\"},\"datePublished\":\"2024-07-13T18:23:22+00:00\",\"dateModified\":\"2025-06-06T09:53:15+00:00\",\"description\":\"Allibera energies bloquejades amb el Feng Shui i neteges i ter\u00e0pies energ\u00e8tiques. Accelera la venda de la teva propietat. Consulta gratu\u00efta a tot Europa!\",\"breadcrumb\":{\"@id\":\"https:\\\/\\\/www.pasionporelfengshui.com\\\/ca\\\/compra-venda\\\/#breadcrumb\"},\"inLanguage\":\"ca\",\"potentialAction\":[{\"@type\":\"ReadAction\",\"target\":[\"https:\\\/\\\/www.pasionporelfengshui.com\\\/ca\\\/compra-venda\\\/\"]}]},{\"@type\":\"BreadcrumbList\",\"@id\":\"https:\\\/\\\/www.pasionporelfengshui.com\\\/ca\\\/compra-venda\\\/#breadcrumb\",\"itemListElement\":[{\"@type\":\"ListItem\",\"position\":1,\"name\":\"Home\",\"item\":\"https:\\\/\\\/www.pasionporelfengshui.com\\\/ca\\\/\"},{\"@type\":\"ListItem\",\"position\":2,\"name\":\"Compra-Venda\"}]},{\"@type\":\"WebSite\",\"@id\":\"https:\\\/\\\/www.pasionporelfengshui.com\\\/ca\\\/#website\",\"url\":\"https:\\\/\\\/www.pasionporelfengshui.com\\\/ca\\\/\",\"name\":\"Pasi\u00f3n por el Feng Shui\",\"description\":\"Pasi\u00f3n por el Feng Shui\",\"publisher\":{\"@id\":\"https:\\\/\\\/www.pasionporelfengshui.com\\\/ca\\\/#organization\"},\"potentialAction\":[{\"@type\":\"SearchAction\",\"target\":{\"@type\":\"EntryPoint\",\"urlTemplate\":\"https:\\\/\\\/www.pasionporelfengshui.com\\\/ca\\\/?s={search_term_string}\"},\"query-input\":{\"@type\":\"PropertyValueSpecification\",\"valueRequired\":true,\"valueName\":\"search_term_string\"}}],\"inLanguage\":\"ca\"},{\"@type\":\"Organization\",\"@id\":\"https:\\\/\\\/www.pasionporelfengshui.com\\\/ca\\\/#organization\",\"name\":\"Pasi\u00f3n por el Feng Shui\",\"url\":\"https:\\\/\\\/www.pasionporelfengshui.com\\\/ca\\\/\",\"logo\":{\"@type\":\"ImageObject\",\"inLanguage\":\"ca\",\"@id\":\"https:\\\/\\\/www.pasionporelfengshui.com\\\/ca\\\/#\\\/schema\\\/logo\\\/image\\\/\",\"url\":\"https:\\\/\\\/www.pasionporelfengshui.com\\\/wp-content\\\/uploads\\\/2022\\\/07\\\/PasionFengShui_logo_WEB.png\",\"contentUrl\":\"https:\\\/\\\/www.pasionporelfengshui.com\\\/wp-content\\\/uploads\\\/2022\\\/07\\\/PasionFengShui_logo_WEB.png\",\"width\":740,\"height\":216,\"caption\":\"Pasi\u00f3n por el Feng Shui\"},\"image\":{\"@id\":\"https:\\\/\\\/www.pasionporelfengshui.com\\\/ca\\\/#\\\/schema\\\/logo\\\/image\\\/\"}}]}<\/script>\n<!-- \/ Yoast SEO plugin. -->","yoast_head_json":{"title":"Feng Shui per immobles a Barcelona - Pasi\u00f3n por el Feng Shui","description":"Allibera energies bloquejades amb el Feng Shui i neteges i ter\u00e0pies energ\u00e8tiques. Accelera la venda de la teva propietat. Consulta gratu\u00efta a tot Europa!","robots":{"index":"index","follow":"follow","max-snippet":"max-snippet:-1","max-image-preview":"max-image-preview:large","max-video-preview":"max-video-preview:-1"},"canonical":"https:\/\/www.pasionporelfengshui.com\/ca\/compra-venda\/","og_locale":"ca_ES","og_type":"article","og_title":"Feng Shui per immobles a Barcelona - Pasi\u00f3n por el Feng Shui","og_description":"Allibera energies bloquejades amb el Feng Shui i neteges i ter\u00e0pies energ\u00e8tiques. Accelera la venda de la teva propietat. Consulta gratu\u00efta a tot Europa!","og_url":"https:\/\/www.pasionporelfengshui.com\/ca\/compra-venda\/","og_site_name":"Pasi\u00f3n por el Feng Shui","article_modified_time":"2025-06-06T09:53:15+00:00","twitter_card":"summary_large_image","twitter_misc":{"Temps estimat de lectura":"2 minuts"},"schema":{"@context":"https:\/\/schema.org","@graph":[{"@type":"WebPage","@id":"https:\/\/www.pasionporelfengshui.com\/ca\/compra-venda\/","url":"https:\/\/www.pasionporelfengshui.com\/ca\/compra-venda\/","name":"Feng Shui per immobles a Barcelona - Pasi\u00f3n por el Feng Shui","isPartOf":{"@id":"https:\/\/www.pasionporelfengshui.com\/ca\/#website"},"datePublished":"2024-07-13T18:23:22+00:00","dateModified":"2025-06-06T09:53:15+00:00","description":"Allibera energies bloquejades amb el Feng Shui i neteges i ter\u00e0pies energ\u00e8tiques. Accelera la venda de la teva propietat. Consulta gratu\u00efta a tot Europa!","breadcrumb":{"@id":"https:\/\/www.pasionporelfengshui.com\/ca\/compra-venda\/#breadcrumb"},"inLanguage":"ca","potentialAction":[{"@type":"ReadAction","target":["https:\/\/www.pasionporelfengshui.com\/ca\/compra-venda\/"]}]},{"@type":"BreadcrumbList","@id":"https:\/\/www.pasionporelfengshui.com\/ca\/compra-venda\/#breadcrumb","itemListElement":[{"@type":"ListItem","position":1,"name":"Home","item":"https:\/\/www.pasionporelfengshui.com\/ca\/"},{"@type":"ListItem","position":2,"name":"Compra-Venda"}]},{"@type":"WebSite","@id":"https:\/\/www.pasionporelfengshui.com\/ca\/#website","url":"https:\/\/www.pasionporelfengshui.com\/ca\/","name":"Pasi\u00f3n por el Feng Shui","description":"Pasi\u00f3n por el Feng Shui","publisher":{"@id":"https:\/\/www.pasionporelfengshui.com\/ca\/#organization"},"potentialAction":[{"@type":"SearchAction","target":{"@type":"EntryPoint","urlTemplate":"https:\/\/www.pasionporelfengshui.com\/ca\/?s={search_term_string}"},"query-input":{"@type":"PropertyValueSpecification","valueRequired":true,"valueName":"search_term_string"}}],"inLanguage":"ca"},{"@type":"Organization","@id":"https:\/\/www.pasionporelfengshui.com\/ca\/#organization","name":"Pasi\u00f3n por el Feng Shui","url":"https:\/\/www.pasionporelfengshui.com\/ca\/","logo":{"@type":"ImageObject","inLanguage":"ca","@id":"https:\/\/www.pasionporelfengshui.com\/ca\/#\/schema\/logo\/image\/","url":"https:\/\/www.pasionporelfengshui.com\/wp-content\/uploads\/2022\/07\/PasionFengShui_logo_WEB.png","contentUrl":"https:\/\/www.pasionporelfengshui.com\/wp-content\/uploads\/2022\/07\/PasionFengShui_logo_WEB.png","width":740,"height":216,"caption":"Pasi\u00f3n por el Feng Shui"},"image":{"@id":"https:\/\/www.pasionporelfengshui.com\/ca\/#\/schema\/logo\/image\/"}}]}},"_links":{"self":[{"href":"https:\/\/www.pasionporelfengshui.com\/ca\/wp-json\/wp\/v2\/pages\/2966","targetHints":{"allow":["GET"]}}],"collection":[{"href":"https:\/\/www.pasionporelfengshui.com\/ca\/wp-json\/wp\/v2\/pages"}],"about":[{"href":"https:\/\/www.pasionporelfengshui.com\/ca\/wp-json\/wp\/v2\/types\/page"}],"author":[{"embeddable":true,"href":"https:\/\/www.pasionporelfengshui.com\/ca\/wp-json\/wp\/v2\/users\/1"}],"replies":[{"embeddable":true,"href":"https:\/\/www.pasionporelfengshui.com\/ca\/wp-json\/wp\/v2\/comments?post=2966"}],"version-history":[{"count":2,"href":"https:\/\/www.pasionporelfengshui.com\/ca\/wp-json\/wp\/v2\/pages\/2966\/revisions"}],"predecessor-version":[{"id":3503,"href":"https:\/\/www.pasionporelfengshui.com\/ca\/wp-json\/wp\/v2\/pages\/2966\/revisions\/3503"}],"wp:attachment":[{"href":"https:\/\/www.pasionporelfengshui.com\/ca\/wp-json\/wp\/v2\/media?parent=2966"}],"curies":[{"name":"wp","href":"https:\/\/api.w.org\/{rel}","templated":true}]}}