{"id":2964,"date":"2018-04-03T09:38:16","date_gmt":"2018-04-03T09:38:16","guid":{"rendered":"https:\/\/www.pasionporelfengshui.com\/contacte\/"},"modified":"2024-11-25T13:10:44","modified_gmt":"2024-11-25T13:10:44","slug":"contacte","status":"publish","type":"page","link":"https:\/\/www.pasionporelfengshui.com\/ca\/contacte\/","title":{"rendered":"contacte"},"content":{"rendered":"\t\t<div data-elementor-type=\"wp-post\" data-elementor-id=\"2964\" class=\"elementor elementor-2964 elementor-23\" data-elementor-post-type=\"page\">\n\t\t\t\t<div class=\"elementor-element elementor-element-860a012 e-flex e-con-boxed e-con e-parent\" data-id=\"860a012\" data-element_type=\"container\" data-e-type=\"container\">\n\t\t\t\t\t<div class=\"e-con-inner\">\n\t\t<div class=\"elementor-element elementor-element-b6c4be6 e-con-full e-flex e-con e-child\" data-id=\"b6c4be6\" data-element_type=\"container\" data-e-type=\"container\" data-settings=\"{&quot;background_background&quot;:&quot;classic&quot;}\">\n\t\t\t\t<\/div>\n\t\t<div class=\"elementor-element elementor-element-3b9fda7 e-con-full e-flex e-con e-child\" data-id=\"3b9fda7\" data-element_type=\"container\" data-e-type=\"container\">\n\t\t<div class=\"elementor-element elementor-element-a6bd765 e-con-full e-flex e-con e-child\" data-id=\"a6bd765\" data-element_type=\"container\" data-e-type=\"container\">\n\t\t\t\t<div class=\"elementor-element elementor-element-e4c8576 elementor-widget elementor-widget-heading\" data-id=\"e4c8576\" data-element_type=\"widget\" data-e-type=\"widget\" data-widget_type=\"heading.default\">\n\t\t\t\t<div class=\"elementor-widget-container\">\n\t\t\t\t\t<h2 class=\"elementor-heading-title elementor-size-default\">Encantada d'ajudar-te!<\/h2>\t\t\t\t<\/div>\n\t\t\t\t<\/div>\n\t\t\t\t<div class=\"elementor-element elementor-element-398e9a8 elementor-align-start elementor-icon-list--layout-traditional elementor-list-item-link-full_width elementor-widget elementor-widget-icon-list\" data-id=\"398e9a8\" data-element_type=\"widget\" data-e-type=\"widget\" data-widget_type=\"icon-list.default\">\n\t\t\t\t<div class=\"elementor-widget-container\">\n\t\t\t\t\t\t\t<ul class=\"elementor-icon-list-items\">\n\t\t\t\t\t\t\t<li class=\"elementor-icon-list-item\">\n\t\t\t\t\t\t\t\t\t\t\t<span class=\"elementor-icon-list-icon\">\n\t\t\t\t\t\t\t<svg aria-hidden=\"true\" class=\"e-font-icon-svg e-far-clock\" viewBox=\"0 0 512 512\" xmlns=\"http:\/\/www.w3.org\/2000\/svg\"><path d=\"M256 8C119 8 8 119 8 256s111 248 248 248 248-111 248-248S393 8 256 8zm0 448c-110.5 0-200-89.5-200-200S145.5 56 256 56s200 89.5 200 200-89.5 200-200 200zm61.8-104.4l-84.9-61.7c-3.1-2.3-4.9-5.9-4.9-9.7V116c0-6.6 5.4-12 12-12h32c6.6 0 12 5.4 12 12v141.7l66.8 48.6c5.4 3.9 6.5 11.4 2.6 16.8L334.6 349c-3.9 5.3-11.4 6.5-16.8 2.6z\"><\/path><\/svg>\t\t\t\t\t\t<\/span>\n\t\t\t\t\t\t\t\t\t\t<span class=\"elementor-icon-list-text\">Dilluns a dissabte de 9h a 21h.<\/span>\n\t\t\t\t\t\t\t\t\t<\/li>\n\t\t\t\t\t\t\t\t<li class=\"elementor-icon-list-item\">\n\t\t\t\t\t\t\t\t\t\t\t<span class=\"elementor-icon-list-icon\">\n\t\t\t\t\t\t\t<svg aria-hidden=\"true\" class=\"e-font-icon-svg e-fas-map-marker-alt\" viewBox=\"0 0 384 512\" xmlns=\"http:\/\/www.w3.org\/2000\/svg\"><path d=\"M172.268 501.67C26.97 291.031 0 269.413 0 192 0 85.961 85.961 0 192 0s192 85.961 192 192c0 77.413-26.97 99.031-172.268 309.67-9.535 13.774-29.93 13.773-39.464 0zM192 272c44.183 0 80-35.817 80-80s-35.817-80-80-80-80 35.817-80 80 35.817 80 80 80z\"><\/path><\/svg>\t\t\t\t\t\t<\/span>\n\t\t\t\t\t\t\t\t\t\t<span class=\"elementor-icon-list-text\">Barcelona<\/span>\n\t\t\t\t\t\t\t\t\t<\/li>\n\t\t\t\t\t\t\t\t<li class=\"elementor-icon-list-item\">\n\t\t\t\t\t\t\t\t\t\t\t<a href=\"mailto:info@pasionporelfengshui.com\">\n\n\t\t\t\t\t\t\t\t\t\t\t\t<span class=\"elementor-icon-list-icon\">\n\t\t\t\t\t\t\t<svg aria-hidden=\"true\" class=\"e-font-icon-svg e-far-envelope-open\" viewBox=\"0 0 512 512\" xmlns=\"http:\/\/www.w3.org\/2000\/svg\"><path d=\"M494.586 164.516c-4.697-3.883-111.723-89.95-135.251-108.657C337.231 38.191 299.437 0 256 0c-43.205 0-80.636 37.717-103.335 55.859-24.463 19.45-131.07 105.195-135.15 108.549A48.004 48.004 0 0 0 0 201.485V464c0 26.51 21.49 48 48 48h416c26.51 0 48-21.49 48-48V201.509a48 48 0 0 0-17.414-36.993zM464 458a6 6 0 0 1-6 6H54a6 6 0 0 1-6-6V204.347c0-1.813.816-3.526 2.226-4.665 15.87-12.814 108.793-87.554 132.364-106.293C200.755 78.88 232.398 48 256 48c23.693 0 55.857 31.369 73.41 45.389 23.573 18.741 116.503 93.493 132.366 106.316a5.99 5.99 0 0 1 2.224 4.663V458zm-31.991-187.704c4.249 5.159 3.465 12.795-1.745 16.981-28.975 23.283-59.274 47.597-70.929 56.863C336.636 362.283 299.205 400 256 400c-43.452 0-81.287-38.237-103.335-55.86-11.279-8.967-41.744-33.413-70.927-56.865-5.21-4.187-5.993-11.822-1.745-16.981l15.258-18.528c4.178-5.073 11.657-5.843 16.779-1.726 28.618 23.001 58.566 47.035 70.56 56.571C200.143 320.631 232.307 352 256 352c23.602 0 55.246-30.88 73.41-45.389 11.994-9.535 41.944-33.57 70.563-56.568 5.122-4.116 12.601-3.346 16.778 1.727l15.258 18.526z\"><\/path><\/svg>\t\t\t\t\t\t<\/span>\n\t\t\t\t\t\t\t\t\t\t<span class=\"elementor-icon-list-text\">info@pasionporelfengshui.com<\/span>\n\t\t\t\t\t\t\t\t\t\t\t<\/a>\n\t\t\t\t\t\t\t\t\t<\/li>\n\t\t\t\t\t\t<\/ul>\n\t\t\t\t\t\t<\/div>\n\t\t\t\t<\/div>\n\t\t\t\t<div class=\"elementor-element elementor-element-242a332 elementor-widget elementor-widget-heading\" data-id=\"242a332\" data-element_type=\"widget\" data-e-type=\"widget\" data-widget_type=\"heading.default\">\n\t\t\t\t<div class=\"elementor-widget-container\">\n\t\t\t\t\t<h3 class=\"elementor-heading-title elementor-size-default\">Si vols concertar una cita, omple aquest formulari i em posar\u00e9 en contacte amb tu el m\u00e9s aviat possible.<\/h3>\t\t\t\t<\/div>\n\t\t\t\t<\/div>\n\t\t\t\t<div class=\"elementor-element elementor-element-a1717d5 elementor-button-align-stretch elementor-widget elementor-widget-form\" data-id=\"a1717d5\" data-element_type=\"widget\" data-e-type=\"widget\" data-settings=\"{&quot;step_next_label&quot;:&quot;Next&quot;,&quot;step_previous_label&quot;:&quot;Anterior&quot;,&quot;button_width&quot;:&quot;100&quot;,&quot;step_type&quot;:&quot;number_text&quot;,&quot;step_icon_shape&quot;:&quot;circle&quot;}\" data-widget_type=\"form.default\">\n\t\t\t\t<div class=\"elementor-widget-container\">\n\t\t\t\t\t\t\t<form class=\"elementor-form\" method=\"post\" id=\"Contacto_formulario\" name=\"Contacte_formulari\" aria-label=\"Contacte_formulari\">\n\t\t\t<input type=\"hidden\" name=\"post_id\" value=\"2964\"\/>\n\t\t\t<input type=\"hidden\" name=\"form_id\" value=\"a1717d5\"\/>\n\t\t\t<input type=\"hidden\" name=\"referer_title\" value=\"Pasi\u00f3n por el Feng Shui\" \/>\n\n\t\t\t\n\t\t\t<div class=\"elementor-form-fields-wrapper elementor-labels-\">\n\t\t\t\t\t\t\t\t<div class=\"elementor-field-type-text elementor-field-group elementor-column elementor-field-group-name elementor-col-50 elementor-field-required\">\n\t\t\t\t\t\t\t\t\t\t\t\t<label for=\"form-field-name\" class=\"elementor-field-label elementor-screen-only\">\n\t\t\t\t\t\t\t\tnom\t\t\t\t\t\t\t<\/label>\n\t\t\t\t\t\t\t\t\t\t\t\t\t\t<input size=\"1\" type=\"text\" name=\"form_fields[name]\" id=\"form-field-name\" class=\"elementor-field elementor-size-xs  elementor-field-textual\" placeholder=\"Nom*\" required=\"required\">\n\t\t\t\t\t\t\t\t\t\t\t<\/div>\n\t\t\t\t\t\t\t\t<div class=\"elementor-field-type-text\">\n\t\t\t\t\t<input size=\"1\" type=\"text\" name=\"form_fields[field_de99ce2]\" id=\"form-field-field_de99ce2\" class=\"elementor-field elementor-size-xs \" style=\"display:none !important;\">\t\t\t\t<\/div>\n\t\t\t\t\t\t\t\t<div class=\"elementor-field-type-text elementor-field-group elementor-column elementor-field-group-field_4b9df2f elementor-col-50 elementor-field-required\">\n\t\t\t\t\t\t\t\t\t\t\t\t<label for=\"form-field-field_4b9df2f\" class=\"elementor-field-label elementor-screen-only\">\n\t\t\t\t\t\t\t\tnom\t\t\t\t\t\t\t<\/label>\n\t\t\t\t\t\t\t\t\t\t\t\t\t\t<input size=\"1\" type=\"text\" name=\"form_fields[field_4b9df2f]\" id=\"form-field-field_4b9df2f\" class=\"elementor-field elementor-size-xs  elementor-field-textual\" placeholder=\"Cognoms*\" required=\"required\">\n\t\t\t\t\t\t\t\t\t\t\t<\/div>\n\t\t\t\t\t\t\t\t<div class=\"elementor-field-type-email elementor-field-group elementor-column elementor-field-group-email elementor-col-100 elementor-field-required\">\n\t\t\t\t\t\t\t\t\t\t\t\t<label for=\"form-field-email\" class=\"elementor-field-label elementor-screen-only\">\n\t\t\t\t\t\t\t\tEmail\t\t\t\t\t\t\t<\/label>\n\t\t\t\t\t\t\t\t\t\t\t\t\t\t<input size=\"1\" type=\"email\" name=\"form_fields[email]\" id=\"form-field-email\" class=\"elementor-field elementor-size-xs  elementor-field-textual\" placeholder=\"Email*\" required=\"required\">\n\t\t\t\t\t\t\t\t\t\t\t<\/div>\n\t\t\t\t\t\t\t\t<div class=\"elementor-field-type-textarea elementor-field-group elementor-column elementor-field-group-message elementor-col-100 elementor-field-required\">\n\t\t\t\t\t\t\t\t\t\t\t\t<label for=\"form-field-message\" class=\"elementor-field-label elementor-screen-only\">\n\t\t\t\t\t\t\t\tmissatge\t\t\t\t\t\t\t<\/label>\n\t\t\t\t\t\t<textarea class=\"elementor-field-textual elementor-field  elementor-size-xs\" name=\"form_fields[message]\" id=\"form-field-message\" rows=\"4\" placeholder=\"Missatge*\" required=\"required\"><\/textarea>\t\t\t\t<\/div>\n\t\t\t\t\t\t\t\t<div class=\"elementor-field-type-acceptance elementor-field-group elementor-column elementor-field-group-field_0dd121c elementor-col-100 elementor-field-required\">\n\t\t\t\t\t\t\t\t\t\t\t\t<label for=\"form-field-field_0dd121c\" class=\"elementor-field-label elementor-screen-only\">\n\t\t\t\t\t\t\t\tAceotacion PP\t\t\t\t\t\t\t<\/label>\n\t\t\t\t\t\t\t\t<div class=\"elementor-field-subgroup\">\n\t\t\t<span class=\"elementor-field-option\">\n\t\t\t\t<input type=\"checkbox\" name=\"form_fields[field_0dd121c]\" id=\"form-field-field_0dd121c\" class=\"elementor-field elementor-size-xs  elementor-acceptance-field\" required=\"required\">\n\t\t\t\t<label for=\"form-field-field_0dd121c\"><span style=\"font-size: 10pt; line-height: 1;\">He llegit, entenc i accepto la <em><strong><a href=\"http:\/\/pasionporelfengshui.com\/politica-de-privacidad\">pol\u00edtica de privadesa<\/a><\/strong><\/em> i l'<\/span> <a href=\"http:\/\/pasionporelfengshui.com\/aviso-legal\"><span style=\"font-size: 10pt;\"><em><strong>av\u00eds legal.<\/strong><\/em><\/span><\/a><\/label>\t\t\t<\/span>\n\t\t<\/div>\n\t\t\t\t\t\t<\/div>\n\t\t\t\t\t\t\t\t<div class=\"elementor-field-type-text\">\n\t\t\t\t\t<input size=\"1\" type=\"text\" name=\"form_fields[field_8a88c99]\" id=\"form-field-field_8a88c99\" class=\"elementor-field elementor-size-xs \" style=\"display:none !important;\">\t\t\t\t<\/div>\n\t\t\t\t\t\t\t\t<div class=\"elementor-field-type-recaptcha_v3 elementor-field-group elementor-column elementor-field-group-field_54a37eb elementor-col-100 recaptcha_v3-inline\">\n\t\t\t\t\t<div class=\"elementor-field\" id=\"form-field-field_54a37eb\"><div class=\"elementor-g-recaptcha\" data-sitekey=\"6Le0ABwiAAAAACJLL0c_7QNuxYfRCuHhbLTvu5e6\" data-type=\"v3\" data-action=\"Form\" data-badge=\"inline\" data-size=\"invisible\"><\/div><\/div>\t\t\t\t<\/div>\n\t\t\t\t\t\t\t\t<div class=\"elementor-field-group elementor-column elementor-field-type-submit elementor-col-100 e-form__buttons\">\n\t\t\t\t\t<button class=\"elementor-button elementor-size-sm\" type=\"submit\" id=\"cita\">\n\t\t\t\t\t\t<span class=\"elementor-button-content-wrapper\">\n\t\t\t\t\t\t\t\t\t\t\t\t\t\t\t\t\t\t\t\t\t\t<span class=\"elementor-button-text\">Enviar<\/span>\n\t\t\t\t\t\t\t\t\t\t\t\t\t<\/span>\n\t\t\t\t\t<\/button>\n\t\t\t\t<\/div>\n\t\t\t<\/div>\n\t\t<\/form>\n\t\t\t\t\t\t<\/div>\n\t\t\t\t<\/div>\n\t\t\t\t<div class=\"elementor-element elementor-element-fec16ef elementor-widget elementor-widget-toggle\" data-id=\"fec16ef\" data-element_type=\"widget\" data-e-type=\"widget\" data-widget_type=\"toggle.default\">\n\t\t\t\t<div class=\"elementor-widget-container\">\n\t\t\t\t\t\t\t<div class=\"elementor-toggle\">\n\t\t\t\t\t\t\t<div class=\"elementor-toggle-item\">\n\t\t\t\t\t<div id=\"elementor-tab-title-2671\" class=\"elementor-tab-title\" data-tab=\"1\" role=\"button\" aria-controls=\"elementor-tab-content-2671\" aria-expanded=\"false\">\n\t\t\t\t\t\t\t\t\t\t\t\t<span class=\"elementor-toggle-icon elementor-toggle-icon-left\" aria-hidden=\"true\">\n\t\t\t\t\t\t\t\t\t\t\t\t\t\t\t<span class=\"elementor-toggle-icon-closed\"><svg class=\"e-font-icon-svg e-fas-caret-right\" viewBox=\"0 0 192 512\" xmlns=\"http:\/\/www.w3.org\/2000\/svg\"><path d=\"M0 384.662V127.338c0-17.818 21.543-26.741 34.142-14.142l128.662 128.662c7.81 7.81 7.81 20.474 0 28.284L34.142 398.804C21.543 411.404 0 402.48 0 384.662z\"><\/path><\/svg><\/span>\n\t\t\t\t\t\t\t\t<span class=\"elementor-toggle-icon-opened\"><svg class=\"elementor-toggle-icon-opened e-font-icon-svg e-fas-caret-up\" viewBox=\"0 0 320 512\" xmlns=\"http:\/\/www.w3.org\/2000\/svg\"><path d=\"M288.662 352H31.338c-17.818 0-26.741-21.543-14.142-34.142l128.662-128.662c7.81-7.81 20.474-7.81 28.284 0l128.662 128.662c12.6 12.599 3.676 34.142-14.142 34.142z\"><\/path><\/svg><\/span>\n\t\t\t\t\t\t\t\t\t\t\t\t\t<\/span>\n\t\t\t\t\t\t\t\t\t\t\t\t<a class=\"elementor-toggle-title\" tabindex=\"0\">Protecci\u00f3 de dades<\/a>\n\t\t\t\t\t<\/div>\n\n\t\t\t\t\t<div id=\"elementor-tab-content-2671\" class=\"elementor-tab-content elementor-clearfix\" data-tab=\"1\" role=\"region\" aria-labelledby=\"elementor-tab-title-2671\"><p><span style=\"font-size: 8pt;\">En compliment de la Llei 15\/1999, de 13 de desembre, de protecci\u00f3 de dades de car\u00e0cter personal, se us informa que les dades de car\u00e0cter personal que se sol\u00b7liciten als nostres formularis quedaran incorporades als fitxers titularitat de <strong>pasionporelfengshui.com.<\/strong> L&#8217;usuari disposar\u00e0 en tot moment dels drets d&#8217;informaci\u00f3, acc\u00e9s, rectificaci\u00f3 oposici\u00f3 i cancel\u00b7laci\u00f3 de les dades personals tal com disposa la Llei Org\u00e0nica de Protecci\u00f3 de Dades de Car\u00e0cter Personal (LOPD 15\/1999), a trav\u00e9s del correu electr\u00f2nic seg\u00fcent: <span style=\"font-family: arial, helvetica, sans-serif;\">info @pasionporelfengshui.com<\/span><\/span><\/p>\n<\/div>\n\t\t\t\t<\/div>\n\t\t\t\t\t\t\t\t<\/div>\n\t\t\t\t\t\t<\/div>\n\t\t\t\t<\/div>\n\t\t\t\t<\/div>\n\t\t\t\t<\/div>\n\t\t\t\t\t<\/div>\n\t\t\t\t<\/div>\n\t\t\t\t<\/div>\n\t\t","protected":false},"excerpt":{"rendered":"<p>Encantada d&#8217;ajudar-te! Dilluns a dissabte de 9h a 21h. Barcelona info@pasionporelfengshui.com Si vols concertar una cita, omple aquest formulari i em posar\u00e9 en contacte amb tu el m\u00e9s aviat possible. Protecci\u00f3 de dades En compliment de la Llei 15\/1999, de 13 de desembre, de protecci\u00f3 de dades de car\u00e0cter personal, se us informa que les [&hellip;]<\/p>\n","protected":false},"author":1,"featured_media":0,"parent":0,"menu_order":0,"comment_status":"closed","ping_status":"closed","template":"","meta":{"footnotes":""},"class_list":["post-2964","page","type-page","status-publish","hentry"],"yoast_head":"<!-- This site is optimized with the Yoast SEO plugin v27.4 - https:\/\/yoast.com\/product\/yoast-seo-wordpress\/ -->\n<title>contacte - Pasi\u00f3n por el Feng Shui<\/title>\n<meta name=\"robots\" content=\"index, follow, max-snippet:-1, max-image-preview:large, max-video-preview:-1\" \/>\n<link rel=\"canonical\" href=\"https:\/\/www.pasionporelfengshui.com\/ca\/contacte\/\" \/>\n<meta property=\"og:locale\" content=\"ca_ES\" \/>\n<meta property=\"og:type\" content=\"article\" \/>\n<meta property=\"og:title\" content=\"contacte - Pasi\u00f3n por el Feng Shui\" \/>\n<meta property=\"og:description\" content=\"Encantada d&#8217;ajudar-te! Dilluns a dissabte de 9h a 21h. Barcelona info@pasionporelfengshui.com Si vols concertar una cita, omple aquest formulari i em posar\u00e9 en contacte amb tu el m\u00e9s aviat possible. Protecci\u00f3 de dades En compliment de la Llei 15\/1999, de 13 de desembre, de protecci\u00f3 de dades de car\u00e0cter personal, se us informa que les [&hellip;]\" \/>\n<meta property=\"og:url\" content=\"https:\/\/www.pasionporelfengshui.com\/ca\/contacte\/\" \/>\n<meta property=\"og:site_name\" content=\"Pasi\u00f3n por el Feng Shui\" \/>\n<meta property=\"article:modified_time\" content=\"2024-11-25T13:10:44+00:00\" \/>\n<meta name=\"twitter:card\" content=\"summary_large_image\" \/>\n<meta name=\"twitter:label1\" content=\"Temps estimat de lectura\" \/>\n\t<meta name=\"twitter:data1\" content=\"1 minut\" \/>\n<script type=\"application\/ld+json\" class=\"yoast-schema-graph\">{\"@context\":\"https:\\\/\\\/schema.org\",\"@graph\":[{\"@type\":\"WebPage\",\"@id\":\"https:\\\/\\\/www.pasionporelfengshui.com\\\/ca\\\/contacte\\\/\",\"url\":\"https:\\\/\\\/www.pasionporelfengshui.com\\\/ca\\\/contacte\\\/\",\"name\":\"contacte - Pasi\u00f3n por el Feng Shui\",\"isPartOf\":{\"@id\":\"https:\\\/\\\/www.pasionporelfengshui.com\\\/ca\\\/#website\"},\"datePublished\":\"2018-04-03T09:38:16+00:00\",\"dateModified\":\"2024-11-25T13:10:44+00:00\",\"breadcrumb\":{\"@id\":\"https:\\\/\\\/www.pasionporelfengshui.com\\\/ca\\\/contacte\\\/#breadcrumb\"},\"inLanguage\":\"ca\",\"potentialAction\":[{\"@type\":\"ReadAction\",\"target\":[\"https:\\\/\\\/www.pasionporelfengshui.com\\\/ca\\\/contacte\\\/\"]}]},{\"@type\":\"BreadcrumbList\",\"@id\":\"https:\\\/\\\/www.pasionporelfengshui.com\\\/ca\\\/contacte\\\/#breadcrumb\",\"itemListElement\":[{\"@type\":\"ListItem\",\"position\":1,\"name\":\"Home\",\"item\":\"https:\\\/\\\/www.pasionporelfengshui.com\\\/ca\\\/\"},{\"@type\":\"ListItem\",\"position\":2,\"name\":\"contacte\"}]},{\"@type\":\"WebSite\",\"@id\":\"https:\\\/\\\/www.pasionporelfengshui.com\\\/ca\\\/#website\",\"url\":\"https:\\\/\\\/www.pasionporelfengshui.com\\\/ca\\\/\",\"name\":\"Pasi\u00f3n por el Feng Shui\",\"description\":\"Pasi\u00f3n por el Feng Shui\",\"publisher\":{\"@id\":\"https:\\\/\\\/www.pasionporelfengshui.com\\\/ca\\\/#organization\"},\"potentialAction\":[{\"@type\":\"SearchAction\",\"target\":{\"@type\":\"EntryPoint\",\"urlTemplate\":\"https:\\\/\\\/www.pasionporelfengshui.com\\\/ca\\\/?s={search_term_string}\"},\"query-input\":{\"@type\":\"PropertyValueSpecification\",\"valueRequired\":true,\"valueName\":\"search_term_string\"}}],\"inLanguage\":\"ca\"},{\"@type\":\"Organization\",\"@id\":\"https:\\\/\\\/www.pasionporelfengshui.com\\\/ca\\\/#organization\",\"name\":\"Pasi\u00f3n por el Feng Shui\",\"url\":\"https:\\\/\\\/www.pasionporelfengshui.com\\\/ca\\\/\",\"logo\":{\"@type\":\"ImageObject\",\"inLanguage\":\"ca\",\"@id\":\"https:\\\/\\\/www.pasionporelfengshui.com\\\/ca\\\/#\\\/schema\\\/logo\\\/image\\\/\",\"url\":\"https:\\\/\\\/www.pasionporelfengshui.com\\\/wp-content\\\/uploads\\\/2022\\\/07\\\/PasionFengShui_logo_WEB.png\",\"contentUrl\":\"https:\\\/\\\/www.pasionporelfengshui.com\\\/wp-content\\\/uploads\\\/2022\\\/07\\\/PasionFengShui_logo_WEB.png\",\"width\":740,\"height\":216,\"caption\":\"Pasi\u00f3n por el Feng Shui\"},\"image\":{\"@id\":\"https:\\\/\\\/www.pasionporelfengshui.com\\\/ca\\\/#\\\/schema\\\/logo\\\/image\\\/\"}}]}<\/script>\n<!-- \/ Yoast SEO plugin. -->","yoast_head_json":{"title":"contacte - Pasi\u00f3n por el Feng Shui","robots":{"index":"index","follow":"follow","max-snippet":"max-snippet:-1","max-image-preview":"max-image-preview:large","max-video-preview":"max-video-preview:-1"},"canonical":"https:\/\/www.pasionporelfengshui.com\/ca\/contacte\/","og_locale":"ca_ES","og_type":"article","og_title":"contacte - Pasi\u00f3n por el Feng Shui","og_description":"Encantada d&#8217;ajudar-te! Dilluns a dissabte de 9h a 21h. Barcelona info@pasionporelfengshui.com Si vols concertar una cita, omple aquest formulari i em posar\u00e9 en contacte amb tu el m\u00e9s aviat possible. Protecci\u00f3 de dades En compliment de la Llei 15\/1999, de 13 de desembre, de protecci\u00f3 de dades de car\u00e0cter personal, se us informa que les [&hellip;]","og_url":"https:\/\/www.pasionporelfengshui.com\/ca\/contacte\/","og_site_name":"Pasi\u00f3n por el Feng Shui","article_modified_time":"2024-11-25T13:10:44+00:00","twitter_card":"summary_large_image","twitter_misc":{"Temps estimat de lectura":"1 minut"},"schema":{"@context":"https:\/\/schema.org","@graph":[{"@type":"WebPage","@id":"https:\/\/www.pasionporelfengshui.com\/ca\/contacte\/","url":"https:\/\/www.pasionporelfengshui.com\/ca\/contacte\/","name":"contacte - Pasi\u00f3n por el Feng Shui","isPartOf":{"@id":"https:\/\/www.pasionporelfengshui.com\/ca\/#website"},"datePublished":"2018-04-03T09:38:16+00:00","dateModified":"2024-11-25T13:10:44+00:00","breadcrumb":{"@id":"https:\/\/www.pasionporelfengshui.com\/ca\/contacte\/#breadcrumb"},"inLanguage":"ca","potentialAction":[{"@type":"ReadAction","target":["https:\/\/www.pasionporelfengshui.com\/ca\/contacte\/"]}]},{"@type":"BreadcrumbList","@id":"https:\/\/www.pasionporelfengshui.com\/ca\/contacte\/#breadcrumb","itemListElement":[{"@type":"ListItem","position":1,"name":"Home","item":"https:\/\/www.pasionporelfengshui.com\/ca\/"},{"@type":"ListItem","position":2,"name":"contacte"}]},{"@type":"WebSite","@id":"https:\/\/www.pasionporelfengshui.com\/ca\/#website","url":"https:\/\/www.pasionporelfengshui.com\/ca\/","name":"Pasi\u00f3n por el Feng Shui","description":"Pasi\u00f3n por el Feng Shui","publisher":{"@id":"https:\/\/www.pasionporelfengshui.com\/ca\/#organization"},"potentialAction":[{"@type":"SearchAction","target":{"@type":"EntryPoint","urlTemplate":"https:\/\/www.pasionporelfengshui.com\/ca\/?s={search_term_string}"},"query-input":{"@type":"PropertyValueSpecification","valueRequired":true,"valueName":"search_term_string"}}],"inLanguage":"ca"},{"@type":"Organization","@id":"https:\/\/www.pasionporelfengshui.com\/ca\/#organization","name":"Pasi\u00f3n por el Feng Shui","url":"https:\/\/www.pasionporelfengshui.com\/ca\/","logo":{"@type":"ImageObject","inLanguage":"ca","@id":"https:\/\/www.pasionporelfengshui.com\/ca\/#\/schema\/logo\/image\/","url":"https:\/\/www.pasionporelfengshui.com\/wp-content\/uploads\/2022\/07\/PasionFengShui_logo_WEB.png","contentUrl":"https:\/\/www.pasionporelfengshui.com\/wp-content\/uploads\/2022\/07\/PasionFengShui_logo_WEB.png","width":740,"height":216,"caption":"Pasi\u00f3n por el Feng Shui"},"image":{"@id":"https:\/\/www.pasionporelfengshui.com\/ca\/#\/schema\/logo\/image\/"}}]}},"_links":{"self":[{"href":"https:\/\/www.pasionporelfengshui.com\/ca\/wp-json\/wp\/v2\/pages\/2964","targetHints":{"allow":["GET"]}}],"collection":[{"href":"https:\/\/www.pasionporelfengshui.com\/ca\/wp-json\/wp\/v2\/pages"}],"about":[{"href":"https:\/\/www.pasionporelfengshui.com\/ca\/wp-json\/wp\/v2\/types\/page"}],"author":[{"embeddable":true,"href":"https:\/\/www.pasionporelfengshui.com\/ca\/wp-json\/wp\/v2\/users\/1"}],"replies":[{"embeddable":true,"href":"https:\/\/www.pasionporelfengshui.com\/ca\/wp-json\/wp\/v2\/comments?post=2964"}],"version-history":[{"count":4,"href":"https:\/\/www.pasionporelfengshui.com\/ca\/wp-json\/wp\/v2\/pages\/2964\/revisions"}],"predecessor-version":[{"id":3419,"href":"https:\/\/www.pasionporelfengshui.com\/ca\/wp-json\/wp\/v2\/pages\/2964\/revisions\/3419"}],"wp:attachment":[{"href":"https:\/\/www.pasionporelfengshui.com\/ca\/wp-json\/wp\/v2\/media?parent=2964"}],"curies":[{"name":"wp","href":"https:\/\/api.w.org\/{rel}","templated":true}]}}